{"id":398,"date":"2014-08-31T19:47:46","date_gmt":"2014-08-31T17:47:46","guid":{"rendered":"http:\/\/bopoha.lt\/?page_id=398"},"modified":"2014-08-31T19:47:46","modified_gmt":"2014-08-31T17:47:46","slug":"sidabriskieji-debesys","status":"publish","type":"page","link":"http:\/\/bopoha.lt\/index.php\/sidabriskieji-debesys\/","title":{"rendered":"Sidabri\u0161kieji debesys"},"content":{"rendered":"\n<div class=\"ngg-albumoverview\">\t\n\t<!-- List of galleries -->\n\t\n\t<div class=\"ngg-album\">\n\t\t<div class=\"ngg-albumtitle\"><a href=\"http:\/\/bopoha.lt\/index.php\/sidabriskieji-debesys\/?album=9&amp;gallery=311\">2019 bir\u017eelis. Debesis IV<\/a><\/div>\n\t\t\t<div class=\"ngg-albumcontent\">\n\t\t\t\t<div class=\"ngg-thumbnail\">\n\t\t\t\t\t<a href=\"http:\/\/bopoha.lt\/index.php\/sidabriskieji-debesys\/?album=9&amp;gallery=311\"><img decoding=\"async\" class=\"Thumb\" alt=\"2019 bir\u017eelis. Debesis IV\" src=\"http:\/\/bopoha.lt\/wp-content\/gallery\/2019-birzelis-debesis-iv\/thumbs\/thumbs_img_1630.jpg\"\/><\/a>\n\t\t\t\t<\/div>\n\t\t\t\t<div class=\"ngg-description\">\n\t\t\t\t<p>2019 06 24<\/p>\n\t\t\t\t\t\t\t\t<p><strong>12<\/strong> Photos<\/p>\n\t\t\t\t\t\t\t<\/div>\n\t\t<\/div>\n\t<\/div>\n\n \t\n\t<div class=\"ngg-album\">\n\t\t<div class=\"ngg-albumtitle\"><a href=\"http:\/\/bopoha.lt\/index.php\/sidabriskieji-debesys\/?album=9&amp;gallery=310\">2019 bir\u017eelis. Debesis III<\/a><\/div>\n\t\t\t<div class=\"ngg-albumcontent\">\n\t\t\t\t<div class=\"ngg-thumbnail\">\n\t\t\t\t\t<a href=\"http:\/\/bopoha.lt\/index.php\/sidabriskieji-debesys\/?album=9&amp;gallery=310\"><img decoding=\"async\" class=\"Thumb\" alt=\"2019 bir\u017eelis. Debesis III\" src=\"http:\/\/bopoha.lt\/wp-content\/gallery\/2019-birzelis-debesis-iii\/thumbs\/thumbs_img_1567.jpg\"\/><\/a>\n\t\t\t\t<\/div>\n\t\t\t\t<div class=\"ngg-description\">\n\t\t\t\t<p>2019 06 23<\/p>\n\t\t\t\t\t\t\t\t<p><strong>4<\/strong> Photos<\/p>\n\t\t\t\t\t\t\t<\/div>\n\t\t<\/div>\n\t<\/div>\n\n \t\n\t<div class=\"ngg-album\">\n\t\t<div class=\"ngg-albumtitle\"><a href=\"http:\/\/bopoha.lt\/index.php\/sidabriskieji-debesys\/?album=9&amp;gallery=309\">2019 bir\u017eelis. Debesis II<\/a><\/div>\n\t\t\t<div class=\"ngg-albumcontent\">\n\t\t\t\t<div class=\"ngg-thumbnail\">\n\t\t\t\t\t<a href=\"http:\/\/bopoha.lt\/index.php\/sidabriskieji-debesys\/?album=9&amp;gallery=309\"><img decoding=\"async\" class=\"Thumb\" alt=\"2019 bir\u017eelis. Debesis II\" src=\"http:\/\/bopoha.lt\/wp-content\/gallery\/debesis-ii\/thumbs\/thumbs_img_1542.jpg\"\/><\/a>\n\t\t\t\t<\/div>\n\t\t\t\t<div class=\"ngg-description\">\n\t\t\t\t<p>2019 06 18<\/p>\n\t\t\t\t\t\t\t\t<p><strong>10<\/strong> Photos<\/p>\n\t\t\t\t\t\t\t<\/div>\n\t\t<\/div>\n\t<\/div>\n\n \t\n\t<div class=\"ngg-album\">\n\t\t<div class=\"ngg-albumtitle\"><a href=\"http:\/\/bopoha.lt\/index.php\/sidabriskieji-debesys\/?album=9&amp;gallery=308\">2019 bir\u017eelis. Debes\u0117lis<\/a><\/div>\n\t\t\t<div class=\"ngg-albumcontent\">\n\t\t\t\t<div class=\"ngg-thumbnail\">\n\t\t\t\t\t<a href=\"http:\/\/bopoha.lt\/index.php\/sidabriskieji-debesys\/?album=9&amp;gallery=308\"><img decoding=\"async\" class=\"Thumb\" alt=\"2019 bir\u017eelis. Debes\u0117lis\" src=\"http:\/\/bopoha.lt\/wp-content\/gallery\/2019-birzelis-debeselis\/thumbs\/thumbs_img_1476.jpg\"\/><\/a>\n\t\t\t\t<\/div>\n\t\t\t\t<div class=\"ngg-description\">\n\t\t\t\t<p><\/p>\n\t\t\t\t\t\t\t\t<p><strong>6<\/strong> Photos<\/p>\n\t\t\t\t\t\t\t<\/div>\n\t\t<\/div>\n\t<\/div>\n\n \t\n\t<div class=\"ngg-album\">\n\t\t<div class=\"ngg-albumtitle\"><a href=\"http:\/\/bopoha.lt\/index.php\/sidabriskieji-debesys\/?album=9&amp;gallery=278\">2018 liepa. Sidabrinis<\/a><\/div>\n\t\t\t<div class=\"ngg-albumcontent\">\n\t\t\t\t<div class=\"ngg-thumbnail\">\n\t\t\t\t\t<a href=\"http:\/\/bopoha.lt\/index.php\/sidabriskieji-debesys\/?album=9&amp;gallery=278\"><img decoding=\"async\" class=\"Thumb\" alt=\"2018 liepa. Sidabrinis\" src=\"http:\/\/bopoha.lt\/wp-content\/gallery\/2018-liepa-sidabrinis\/thumbs\/thumbs_img_4759.jpg\"\/><\/a>\n\t\t\t\t<\/div>\n\t\t\t\t<div class=\"ngg-description\">\n\t\t\t\t<p>2018 07 10<\/p>\n\t\t\t\t\t\t\t\t<p><strong>2<\/strong> Photos<\/p>\n\t\t\t\t\t\t\t<\/div>\n\t\t<\/div>\n\t<\/div>\n\n \t\n\t<div class=\"ngg-album\">\n\t\t<div class=\"ngg-albumtitle\"><a href=\"http:\/\/bopoha.lt\/index.php\/sidabriskieji-debesys\/?album=9&amp;gallery=280\">2018 liepa. Sidabrinis<\/a><\/div>\n\t\t\t<div class=\"ngg-albumcontent\">\n\t\t\t\t<div class=\"ngg-thumbnail\">\n\t\t\t\t\t<a href=\"http:\/\/bopoha.lt\/index.php\/sidabriskieji-debesys\/?album=9&amp;gallery=280\"><img decoding=\"async\" class=\"Thumb\" alt=\"2018 liepa. Sidabrinis\" src=\"http:\/\/bopoha.lt\/wp-content\/gallery\/2018-liepa-sidabrinis_2\/thumbs\/thumbs_img_4648.jpg\"\/><\/a>\n\t\t\t\t<\/div>\n\t\t\t\t<div class=\"ngg-description\">\n\t\t\t\t<p>2018 07 08<\/p>\n\t\t\t\t\t\t\t\t<p><strong>2<\/strong> Photos<\/p>\n\t\t\t\t\t\t\t<\/div>\n\t\t<\/div>\n\t<\/div>\n\n \t\n\t<div class=\"ngg-album\">\n\t\t<div class=\"ngg-albumtitle\"><a href=\"http:\/\/bopoha.lt\/index.php\/sidabriskieji-debesys\/?album=9&amp;gallery=277\">2018 bir\u017eelis. Sidabrinis<\/a><\/div>\n\t\t\t<div class=\"ngg-albumcontent\">\n\t\t\t\t<div class=\"ngg-thumbnail\">\n\t\t\t\t\t<a href=\"http:\/\/bopoha.lt\/index.php\/sidabriskieji-debesys\/?album=9&amp;gallery=277\"><img decoding=\"async\" class=\"Thumb\" alt=\"2018 bir\u017eelis. Sidabrinis\" src=\"http:\/\/bopoha.lt\/wp-content\/gallery\/2018-birzelis-sidabrinis\/thumbs\/thumbs_img_3753.jpg\"\/><\/a>\n\t\t\t\t<\/div>\n\t\t\t\t<div class=\"ngg-description\">\n\t\t\t\t<p>2018 06 18<\/p>\n\t\t\t\t\t\t\t\t<p><strong>2<\/strong> Photos<\/p>\n\t\t\t\t\t\t\t<\/div>\n\t\t<\/div>\n\t<\/div>\n\n \t\n\t<div class=\"ngg-album\">\n\t\t<div class=\"ngg-albumtitle\"><a href=\"http:\/\/bopoha.lt\/index.php\/sidabriskieji-debesys\/?album=9&amp;gallery=254\">2017 bir\u017eelis. Debesis<\/a><\/div>\n\t\t\t<div class=\"ngg-albumcontent\">\n\t\t\t\t<div class=\"ngg-thumbnail\">\n\t\t\t\t\t<a href=\"http:\/\/bopoha.lt\/index.php\/sidabriskieji-debesys\/?album=9&amp;gallery=254\"><img decoding=\"async\" class=\"Thumb\" alt=\"2017 bir\u017eelis. Debesis\" src=\"http:\/\/bopoha.lt\/wp-content\/gallery\/2017-birzelis-debesis\/thumbs\/thumbs_img_7673.jpg\"\/><\/a>\n\t\t\t\t<\/div>\n\t\t\t\t<div class=\"ngg-description\">\n\t\t\t\t<p>2017 06 19<\/p>\n\t\t\t\t\t\t\t\t<p><strong>2<\/strong> Photos<\/p>\n\t\t\t\t\t\t\t<\/div>\n\t\t<\/div>\n\t<\/div>\n\n \t\n\t<div class=\"ngg-album\">\n\t\t<div class=\"ngg-albumtitle\"><a href=\"http:\/\/bopoha.lt\/index.php\/sidabriskieji-debesys\/?album=9&amp;gallery=279\">2018 liepa. Sidabrinis<\/a><\/div>\n\t\t\t<div class=\"ngg-albumcontent\">\n\t\t\t\t<div class=\"ngg-thumbnail\">\n\t\t\t\t\t<a href=\"http:\/\/bopoha.lt\/index.php\/sidabriskieji-debesys\/?album=9&amp;gallery=279\"><img decoding=\"async\" class=\"Thumb\" alt=\"2018 liepa. Sidabrinis\" src=\"http:\/\/bopoha.lt\/wp-content\/gallery\/2018-liepa-sidabrinis_1\/thumbs\/thumbs_img_4806.jpg\"\/><\/a>\n\t\t\t\t<\/div>\n\t\t\t\t<div class=\"ngg-description\">\n\t\t\t\t<p>2018 07 12<\/p>\n\t\t\t\t\t\t\t\t<p><strong>5<\/strong> Photos<\/p>\n\t\t\t\t\t\t\t<\/div>\n\t\t<\/div>\n\t<\/div>\n\n \t\n\t<div class=\"ngg-album\">\n\t\t<div class=\"ngg-albumtitle\"><a href=\"http:\/\/bopoha.lt\/index.php\/sidabriskieji-debesys\/?album=9&amp;gallery=226\">2016 liepa. Sidabri\u0161kas debesis ir r\u016bkas<\/a><\/div>\n\t\t\t<div class=\"ngg-albumcontent\">\n\t\t\t\t<div class=\"ngg-thumbnail\">\n\t\t\t\t\t<a href=\"http:\/\/bopoha.lt\/index.php\/sidabriskieji-debesys\/?album=9&amp;gallery=226\"><img decoding=\"async\" class=\"Thumb\" alt=\"2016 liepa. Sidabri\u0161kas debesis ir r\u016bkas\" src=\"http:\/\/bopoha.lt\/wp-content\/gallery\/2016-liepa-sidabriskas-debesis-ir-rukas\/thumbs\/thumbs_5812.jpg\"\/><\/a>\n\t\t\t\t<\/div>\n\t\t\t\t<div class=\"ngg-description\">\n\t\t\t\t<p><\/p>\n\t\t\t\t\t\t\t\t<p><strong>12<\/strong> Photos<\/p>\n\t\t\t\t\t\t\t<\/div>\n\t\t<\/div>\n\t<\/div>\n\n \t\n\t<div class=\"ngg-album\">\n\t\t<div class=\"ngg-albumtitle\"><a href=\"http:\/\/bopoha.lt\/index.php\/sidabriskieji-debesys\/?album=9&amp;gallery=158\">2015 liepos 23 d. Debesis<\/a><\/div>\n\t\t\t<div class=\"ngg-albumcontent\">\n\t\t\t\t<div class=\"ngg-thumbnail\">\n\t\t\t\t\t<a href=\"http:\/\/bopoha.lt\/index.php\/sidabriskieji-debesys\/?album=9&amp;gallery=158\"><img decoding=\"async\" class=\"Thumb\" alt=\"2015 liepos 23 d. Debesis\" src=\"http:\/\/bopoha.lt\/wp-content\/gallery\/2015-liepos-23-d-debesis\/thumbs\/thumbs_1408.jpg\"\/><\/a>\n\t\t\t\t<\/div>\n\t\t\t\t<div class=\"ngg-description\">\n\t\t\t\t<p><\/p>\n\t\t\t\t\t\t\t\t<p><strong>6<\/strong> Photos<\/p>\n\t\t\t\t\t\t\t<\/div>\n\t\t<\/div>\n\t<\/div>\n\n \t\n\t<div class=\"ngg-album\">\n\t\t<div class=\"ngg-albumtitle\"><a href=\"http:\/\/bopoha.lt\/index.php\/sidabriskieji-debesys\/?album=9&amp;gallery=144\">2015 bir\u017eelis. Debesis ne\u012fsp\u016bdingas<\/a><\/div>\n\t\t\t<div class=\"ngg-albumcontent\">\n\t\t\t\t<div class=\"ngg-thumbnail\">\n\t\t\t\t\t<a href=\"http:\/\/bopoha.lt\/index.php\/sidabriskieji-debesys\/?album=9&amp;gallery=144\"><img decoding=\"async\" class=\"Thumb\" alt=\"2015 bir\u017eelis. Debesis ne\u012fsp\u016bdingas\" src=\"http:\/\/bopoha.lt\/wp-content\/gallery\/2015-birzelis-debesis-neispudingas\/thumbs\/thumbs_9111.jpg\"\/><\/a>\n\t\t\t\t<\/div>\n\t\t\t\t<div class=\"ngg-description\">\n\t\t\t\t<p>2015 m. bir\u017eelio 17 d.<\/p>\n\t\t\t\t\t\t\t\t<p><strong>3<\/strong> Photos<\/p>\n\t\t\t\t\t\t\t<\/div>\n\t\t<\/div>\n\t<\/div>\n\n \t\n\t<div class=\"ngg-album\">\n\t\t<div class=\"ngg-albumtitle\"><a href=\"http:\/\/bopoha.lt\/index.php\/sidabriskieji-debesys\/?album=9&amp;gallery=139\">2015 bir\u017eelis. Debesis<\/a><\/div>\n\t\t\t<div class=\"ngg-albumcontent\">\n\t\t\t\t<div class=\"ngg-thumbnail\">\n\t\t\t\t\t<a href=\"http:\/\/bopoha.lt\/index.php\/sidabriskieji-debesys\/?album=9&amp;gallery=139\"><img decoding=\"async\" class=\"Thumb\" alt=\"2015 bir\u017eelis. Debesis\" src=\"http:\/\/bopoha.lt\/wp-content\/gallery\/2015-birzelis-debesis\/thumbs\/thumbs_8170.jpg\"\/><\/a>\n\t\t\t\t<\/div>\n\t\t\t\t<div class=\"ngg-description\">\n\t\t\t\t<p>bir\u017eelio 1 d.<\/p>\n\t\t\t\t\t\t\t\t<p><strong>3<\/strong> Photos<\/p>\n\t\t\t\t\t\t\t<\/div>\n\t\t<\/div>\n\t<\/div>\n\n \t\n\t<div class=\"ngg-album\">\n\t\t<div class=\"ngg-albumtitle\"><a href=\"http:\/\/bopoha.lt\/index.php\/sidabriskieji-debesys\/?album=9&amp;gallery=74\">Debesis, 2014 07 05<\/a><\/div>\n\t\t\t<div class=\"ngg-albumcontent\">\n\t\t\t\t<div class=\"ngg-thumbnail\">\n\t\t\t\t\t<a href=\"http:\/\/bopoha.lt\/index.php\/sidabriskieji-debesys\/?album=9&amp;gallery=74\"><img decoding=\"async\" class=\"Thumb\" alt=\"Debesis, 2014 07 05\" src=\"http:\/\/bopoha.lt\/wp-content\/gallery\/debesis-2014-07-05\/thumbs\/thumbs_15001.jpg\"\/><\/a>\n\t\t\t\t<\/div>\n\t\t\t\t<div class=\"ngg-description\">\n\t\t\t\t<p><\/p>\n\t\t\t\t\t\t\t\t<p><strong>7<\/strong> Photos<\/p>\n\t\t\t\t\t\t\t<\/div>\n\t\t<\/div>\n\t<\/div>\n\n \t\n\t<div class=\"ngg-album\">\n\t\t<div class=\"ngg-albumtitle\"><a href=\"http:\/\/bopoha.lt\/index.php\/sidabriskieji-debesys\/?album=9&amp;gallery=73\">Debesis, 2014 07 02<\/a><\/div>\n\t\t\t<div class=\"ngg-albumcontent\">\n\t\t\t\t<div class=\"ngg-thumbnail\">\n\t\t\t\t\t<a href=\"http:\/\/bopoha.lt\/index.php\/sidabriskieji-debesys\/?album=9&amp;gallery=73\"><img decoding=\"async\" class=\"Thumb\" alt=\"Debesis, 2014 07 02\" src=\"http:\/\/bopoha.lt\/wp-content\/gallery\/debesis-2014-07-02\/thumbs\/thumbs_14101.jpg\"\/><\/a>\n\t\t\t\t<\/div>\n\t\t\t\t<div class=\"ngg-description\">\n\t\t\t\t<p><\/p>\n\t\t\t\t\t\t\t\t<p><strong>9<\/strong> Photos<\/p>\n\t\t\t\t\t\t\t<\/div>\n\t\t<\/div>\n\t<\/div>\n\n \t\n\t<div class=\"ngg-album\">\n\t\t<div class=\"ngg-albumtitle\"><a href=\"http:\/\/bopoha.lt\/index.php\/sidabriskieji-debesys\/?album=9&amp;gallery=30\">Debesis, 2013 07 01<\/a><\/div>\n\t\t\t<div class=\"ngg-albumcontent\">\n\t\t\t\t<div class=\"ngg-thumbnail\">\n\t\t\t\t\t<a href=\"http:\/\/bopoha.lt\/index.php\/sidabriskieji-debesys\/?album=9&amp;gallery=30\"><img decoding=\"async\" class=\"Thumb\" alt=\"Debesis, 2013 07 01\" src=\"http:\/\/bopoha.lt\/wp-content\/gallery\/sidabriskieji-debesys\/thumbs\/thumbs_3146.jpg\"\/><\/a>\n\t\t\t\t<\/div>\n\t\t\t\t<div class=\"ngg-description\">\n\t\t\t\t<p><\/p>\n\t\t\t\t\t\t\t\t<p><strong>18<\/strong> Photos<\/p>\n\t\t\t\t\t\t\t<\/div>\n\t\t<\/div>\n\t<\/div>\n\n \t \t\n\t<!-- Pagination -->\n \t<div class=\"ngg-clear\"><\/div> \t\n<\/div>\n\n\n","protected":false},"excerpt":{"rendered":"","protected":false},"author":1,"featured_media":0,"parent":0,"menu_order":0,"comment_status":"closed","ping_status":"open","template":"","meta":{"footnotes":""},"class_list":["post-398","page","type-page","status-publish","hentry"],"_links":{"self":[{"href":"http:\/\/bopoha.lt\/index.php\/wp-json\/wp\/v2\/pages\/398","targetHints":{"allow":["GET"]}}],"collection":[{"href":"http:\/\/bopoha.lt\/index.php\/wp-json\/wp\/v2\/pages"}],"about":[{"href":"http:\/\/bopoha.lt\/index.php\/wp-json\/wp\/v2\/types\/page"}],"author":[{"embeddable":true,"href":"http:\/\/bopoha.lt\/index.php\/wp-json\/wp\/v2\/users\/1"}],"replies":[{"embeddable":true,"href":"http:\/\/bopoha.lt\/index.php\/wp-json\/wp\/v2\/comments?post=398"}],"version-history":[{"count":1,"href":"http:\/\/bopoha.lt\/index.php\/wp-json\/wp\/v2\/pages\/398\/revisions"}],"predecessor-version":[{"id":399,"href":"http:\/\/bopoha.lt\/index.php\/wp-json\/wp\/v2\/pages\/398\/revisions\/399"}],"wp:attachment":[{"href":"http:\/\/bopoha.lt\/index.php\/wp-json\/wp\/v2\/media?parent=398"}],"curies":[{"name":"wp","href":"https:\/\/api.w.org\/{rel}","templated":true}]}}