{"id":52,"date":"2012-12-05T22:00:53","date_gmt":"2012-12-05T20:00:53","guid":{"rendered":"http:\/\/bopoha.lt\/?page_id=52"},"modified":"2012-12-05T22:14:03","modified_gmt":"2012-12-05T20:14:03","slug":"2011-norvegija-suomija","status":"publish","type":"page","link":"http:\/\/bopoha.lt\/index.php\/2011-norvegija-suomija\/","title":{"rendered":"2011 Norvegija &#8211; Suomija"},"content":{"rendered":"\n<div class=\"ngg-albumoverview\">\t\n\t<!-- List of galleries -->\n\t\n\t<div class=\"ngg-album\">\n\t\t<div class=\"ngg-albumtitle\"><a href=\"http:\/\/bopoha.lt\/index.php\/2011-norvegija-suomija\/?album=2&amp;gallery=97\">2011 bir\u017eelio 29 d., Suomija<\/a><\/div>\n\t\t\t<div class=\"ngg-albumcontent\">\n\t\t\t\t<div class=\"ngg-thumbnail\">\n\t\t\t\t\t<a href=\"http:\/\/bopoha.lt\/index.php\/2011-norvegija-suomija\/?album=2&amp;gallery=97\"><img decoding=\"async\" class=\"Thumb\" alt=\"2011 bir\u017eelio 29 d., Suomija\" src=\"http:\/\/bopoha.lt\/wp-content\/gallery\/2011-birzelio-29-d-suomija\/thumbs\/thumbs_9293.jpg\"\/><\/a>\n\t\t\t\t<\/div>\n\t\t\t\t<div class=\"ngg-description\">\n\t\t\t\t<p>Kuusamo ir ka\u017ekoks nac. parkas<\/p>\n\t\t\t\t\t\t\t\t<p><strong>55<\/strong> Photos<\/p>\n\t\t\t\t\t\t\t<\/div>\n\t\t<\/div>\n\t<\/div>\n\n \t\n\t<div class=\"ngg-album\">\n\t\t<div class=\"ngg-albumtitle\"><a href=\"http:\/\/bopoha.lt\/index.php\/2011-norvegija-suomija\/?album=2&amp;gallery=11\">2011 m. bir\u017eelio 30 d., Suomija ir truput\u012f Norvegijos<\/a><\/div>\n\t\t\t<div class=\"ngg-albumcontent\">\n\t\t\t\t<div class=\"ngg-thumbnail\">\n\t\t\t\t\t<a href=\"http:\/\/bopoha.lt\/index.php\/2011-norvegija-suomija\/?album=2&amp;gallery=11\"><img decoding=\"async\" class=\"Thumb\" alt=\"2011 m. bir\u017eelio 30 d., Suomija ir truput\u012f Norvegijos\" src=\"http:\/\/bopoha.lt\/wp-content\/gallery\/2011-m-birzelio-30-d\/thumbs\/thumbs_9453.jpg\"\/><\/a>\n\t\t\t\t<\/div>\n\t\t\t\t<div class=\"ngg-description\">\n\t\t\t\t<p>Dr\u0105si \u017evyr\u0117 Kuusamo apylink\u0117se ir keli kiti kadrai<\/p>\n\t\t\t\t\t\t\t\t<p><strong>43<\/strong> Photos<\/p>\n\t\t\t\t\t\t\t<\/div>\n\t\t<\/div>\n\t<\/div>\n\n \t\n\t<div class=\"ngg-album\">\n\t\t<div class=\"ngg-albumtitle\"><a href=\"http:\/\/bopoha.lt\/index.php\/2011-norvegija-suomija\/?album=2&amp;gallery=98\">2011 liepos 1 d., Norvegija<\/a><\/div>\n\t\t\t<div class=\"ngg-albumcontent\">\n\t\t\t\t<div class=\"ngg-thumbnail\">\n\t\t\t\t\t<a href=\"http:\/\/bopoha.lt\/index.php\/2011-norvegija-suomija\/?album=2&amp;gallery=98\"><img decoding=\"async\" class=\"Thumb\" alt=\"2011 liepos 1 d., Norvegija\" src=\"http:\/\/bopoha.lt\/wp-content\/gallery\/2011-liepos-1-d-norvegija\/thumbs\/thumbs_9909.jpg\"\/><\/a>\n\t\t\t\t<\/div>\n\t\t\t\t<div class=\"ngg-description\">\n\t\t\t\t<p> Horn\u00f8ya ir keli kadrai \u0161alia<\/p>\n\t\t\t\t\t\t\t\t<p><strong>100<\/strong> Photos<\/p>\n\t\t\t\t\t\t\t<\/div>\n\t\t<\/div>\n\t<\/div>\n\n \t\n\t<div class=\"ngg-album\">\n\t\t<div class=\"ngg-albumtitle\"><a href=\"http:\/\/bopoha.lt\/index.php\/2011-norvegija-suomija\/?album=2&amp;gallery=99\">2011 liepos 2 d., Norvegija<\/a><\/div>\n\t\t\t<div class=\"ngg-albumcontent\">\n\t\t\t\t<div class=\"ngg-thumbnail\">\n\t\t\t\t\t<a href=\"http:\/\/bopoha.lt\/index.php\/2011-norvegija-suomija\/?album=2&amp;gallery=99\"><img decoding=\"async\" class=\"Thumb\" alt=\"2011 liepos 2 d., Norvegija\" src=\"http:\/\/bopoha.lt\/wp-content\/gallery\/2011-liepos-2-d-norvegija\/thumbs\/thumbs_0282.jpg\"\/><\/a>\n\t\t\t\t<\/div>\n\t\t\t\t<div class=\"ngg-description\">\n\t\t\t\t<p>Vads\u00f8, Ekker\u00f8y ir Barvikmyran og Blodskytodden gamtos parkas<\/p>\n\t\t\t\t\t\t\t\t<p><strong>98<\/strong> Photos<\/p>\n\t\t\t\t\t\t\t<\/div>\n\t\t<\/div>\n\t<\/div>\n\n \t\n\t<div class=\"ngg-album\">\n\t\t<div class=\"ngg-albumtitle\"><a href=\"http:\/\/bopoha.lt\/index.php\/2011-norvegija-suomija\/?album=2&amp;gallery=16\">2011 m. liepos 3 d., Norvegija ir truput\u012f Suomijos<\/a><\/div>\n\t\t\t<div class=\"ngg-albumcontent\">\n\t\t\t\t<div class=\"ngg-thumbnail\">\n\t\t\t\t\t<a href=\"http:\/\/bopoha.lt\/index.php\/2011-norvegija-suomija\/?album=2&amp;gallery=16\"><img decoding=\"async\" class=\"Thumb\" alt=\"2011 m. liepos 3 d., Norvegija ir truput\u012f Suomijos\" src=\"http:\/\/bopoha.lt\/wp-content\/gallery\/2011-m-liepos-3-d\/thumbs\/thumbs_1053.jpg\"\/><\/a>\n\t\t\t\t<\/div>\n\t\t\t\t<div class=\"ngg-description\">\n\t\t\t\t<p>\u0160iaurini\u0173 pad\u016bk\u0117li\u0173 kolonija, Syltefjord ir kelios kitos foto<\/p>\n\t\t\t\t\t\t\t\t<p><strong>35<\/strong> Photos<\/p>\n\t\t\t\t\t\t\t<\/div>\n\t\t<\/div>\n\t<\/div>\n\n \t\n\t<div class=\"ngg-album\">\n\t\t<div class=\"ngg-albumtitle\"><a href=\"http:\/\/bopoha.lt\/index.php\/2011-norvegija-suomija\/?album=2&amp;gallery=106\">2011 liepos 4 d., Suomija<\/a><\/div>\n\t\t\t<div class=\"ngg-albumcontent\">\n\t\t\t\t<div class=\"ngg-thumbnail\">\n\t\t\t\t\t<a href=\"http:\/\/bopoha.lt\/index.php\/2011-norvegija-suomija\/?album=2&amp;gallery=106\"><img decoding=\"async\" class=\"Thumb\" alt=\"2011 liepos 4 d., Suomija\" src=\"http:\/\/bopoha.lt\/wp-content\/gallery\/2011-liepos-4-d-suomija\/thumbs\/thumbs_1193.jpg\"\/><\/a>\n\t\t\t\t<\/div>\n\t\t\t\t<div class=\"ngg-description\">\n\t\t\t\t<p><\/p>\n\t\t\t\t\t\t\t\t<p><strong>17<\/strong> Photos<\/p>\n\t\t\t\t\t\t\t<\/div>\n\t\t<\/div>\n\t<\/div>\n\n \t \t\n\t<!-- Pagination -->\n \t<div class=\"ngg-clear\"><\/div> \t\n<\/div>\n\n\n","protected":false},"excerpt":{"rendered":"","protected":false},"author":1,"featured_media":0,"parent":0,"menu_order":0,"comment_status":"closed","ping_status":"open","template":"","meta":{"footnotes":""},"class_list":["post-52","page","type-page","status-publish","hentry"],"_links":{"self":[{"href":"http:\/\/bopoha.lt\/index.php\/wp-json\/wp\/v2\/pages\/52","targetHints":{"allow":["GET"]}}],"collection":[{"href":"http:\/\/bopoha.lt\/index.php\/wp-json\/wp\/v2\/pages"}],"about":[{"href":"http:\/\/bopoha.lt\/index.php\/wp-json\/wp\/v2\/types\/page"}],"author":[{"embeddable":true,"href":"http:\/\/bopoha.lt\/index.php\/wp-json\/wp\/v2\/users\/1"}],"replies":[{"embeddable":true,"href":"http:\/\/bopoha.lt\/index.php\/wp-json\/wp\/v2\/comments?post=52"}],"version-history":[{"count":2,"href":"http:\/\/bopoha.lt\/index.php\/wp-json\/wp\/v2\/pages\/52\/revisions"}],"predecessor-version":[{"id":54,"href":"http:\/\/bopoha.lt\/index.php\/wp-json\/wp\/v2\/pages\/52\/revisions\/54"}],"wp:attachment":[{"href":"http:\/\/bopoha.lt\/index.php\/wp-json\/wp\/v2\/media?parent=52"}],"curies":[{"name":"wp","href":"https:\/\/api.w.org\/{rel}","templated":true}]}}