{"id":789,"date":"2016-03-22T23:22:34","date_gmt":"2016-03-22T21:22:34","guid":{"rendered":"http:\/\/bopoha.lt\/?page_id=789"},"modified":"2016-03-22T23:22:34","modified_gmt":"2016-03-22T21:22:34","slug":"2016-norvegija-batsfjord","status":"publish","type":"page","link":"http:\/\/bopoha.lt\/index.php\/2016-norvegija-batsfjord\/","title":{"rendered":"2016 Norvegija, B\u00e5tsfjord"},"content":{"rendered":"\n<div class=\"ngg-albumoverview\">\t\n\t<!-- List of galleries -->\n\t\n\t<div class=\"ngg-album\">\n\t\t<div class=\"ngg-albumtitle\"><a href=\"http:\/\/bopoha.lt\/index.php\/2016-norvegija-batsfjord\/?album=18&amp;gallery=199\">2016 03 10. Anties fotografavimas. Pirma diena<\/a><\/div>\n\t\t\t<div class=\"ngg-albumcontent\">\n\t\t\t\t<div class=\"ngg-thumbnail\">\n\t\t\t\t\t<a href=\"http:\/\/bopoha.lt\/index.php\/2016-norvegija-batsfjord\/?album=18&amp;gallery=199\"><img decoding=\"async\" class=\"Thumb\" alt=\"2016 03 10. Anties fotografavimas. Pirma diena\" src=\"http:\/\/bopoha.lt\/wp-content\/gallery\/2016-03-10-anties-fotografavimas-pirma-diena\/thumbs\/thumbs_3944.jpg\"\/><\/a>\n\t\t\t\t<\/div>\n\t\t\t\t<div class=\"ngg-description\">\n\t\t\t\t<p><\/p>\n\t\t\t\t\t\t\t\t<p><strong>178<\/strong> Photos<\/p>\n\t\t\t\t\t\t\t<\/div>\n\t\t<\/div>\n\t<\/div>\n\n \t\n\t<div class=\"ngg-album\">\n\t\t<div class=\"ngg-albumtitle\"><a href=\"http:\/\/bopoha.lt\/index.php\/2016-norvegija-batsfjord\/?album=18&amp;gallery=200\">2016 03 10. Pirma diena. I\u0161 valties<\/a><\/div>\n\t\t\t<div class=\"ngg-albumcontent\">\n\t\t\t\t<div class=\"ngg-thumbnail\">\n\t\t\t\t\t<a href=\"http:\/\/bopoha.lt\/index.php\/2016-norvegija-batsfjord\/?album=18&amp;gallery=200\"><img decoding=\"async\" class=\"Thumb\" alt=\"2016 03 10. Pirma diena. I\u0161 valties\" src=\"http:\/\/bopoha.lt\/wp-content\/gallery\/2016-kovo-10-pirma-diena-is-valties\/thumbs\/thumbs_4467.jpg\"\/><\/a>\n\t\t\t\t<\/div>\n\t\t\t\t<div class=\"ngg-description\">\n\t\t\t\t<p><\/p>\n\t\t\t\t\t\t\t\t<p><strong>35<\/strong> Photos<\/p>\n\t\t\t\t\t\t\t<\/div>\n\t\t<\/div>\n\t<\/div>\n\n \t\n\t<div class=\"ngg-album\">\n\t\t<div class=\"ngg-albumtitle\"><a href=\"http:\/\/bopoha.lt\/index.php\/2016-norvegija-batsfjord\/?album=18&amp;gallery=201\">2016 03 11. Anties fotkyjimas. Antra diena<\/a><\/div>\n\t\t\t<div class=\"ngg-albumcontent\">\n\t\t\t\t<div class=\"ngg-thumbnail\">\n\t\t\t\t\t<a href=\"http:\/\/bopoha.lt\/index.php\/2016-norvegija-batsfjord\/?album=18&amp;gallery=201\"><img decoding=\"async\" class=\"Thumb\" alt=\"2016 03 11. Anties fotkyjimas. Antra diena\" src=\"http:\/\/bopoha.lt\/wp-content\/gallery\/2016-03-11-anties-fotkyjimas-antra-diena\/thumbs\/thumbs_6796.jpg\"\/><\/a>\n\t\t\t\t<\/div>\n\t\t\t\t<div class=\"ngg-description\">\n\t\t\t\t<p><\/p>\n\t\t\t\t\t\t\t\t<p><strong>209<\/strong> Photos<\/p>\n\t\t\t\t\t\t\t<\/div>\n\t\t<\/div>\n\t<\/div>\n\n \t\n\t<div class=\"ngg-album\">\n\t\t<div class=\"ngg-albumtitle\"><a href=\"http:\/\/bopoha.lt\/index.php\/2016-norvegija-batsfjord\/?album=18&amp;gallery=202\">2016 03 11. I\u0161 valties + trumpas pasivaik\u0161\u010diojimas. Antra diena<\/a><\/div>\n\t\t\t<div class=\"ngg-albumcontent\">\n\t\t\t\t<div class=\"ngg-thumbnail\">\n\t\t\t\t\t<a href=\"http:\/\/bopoha.lt\/index.php\/2016-norvegija-batsfjord\/?album=18&amp;gallery=202\"><img decoding=\"async\" class=\"Thumb\" alt=\"2016 03 11. I\u0161 valties + trumpas pasivaik\u0161\u010diojimas. Antra diena\" src=\"http:\/\/bopoha.lt\/wp-content\/gallery\/2016-03-11-is-valties-trumpas-pasivaiksciojimas-antra-diena\/thumbs\/thumbs_7552.jpg\"\/><\/a>\n\t\t\t\t<\/div>\n\t\t\t\t<div class=\"ngg-description\">\n\t\t\t\t<p><\/p>\n\t\t\t\t\t\t\t\t<p><strong>82<\/strong> Photos<\/p>\n\t\t\t\t\t\t\t<\/div>\n\t\t<\/div>\n\t<\/div>\n\n \t\n\t<div class=\"ngg-album\">\n\t\t<div class=\"ngg-albumtitle\"><a href=\"http:\/\/bopoha.lt\/index.php\/2016-norvegija-batsfjord\/?album=18&amp;gallery=198\">Pa\u0161vaist\u0117, B\u00e5tsfjord, 2016 03 11-12<\/a><\/div>\n\t\t\t<div class=\"ngg-albumcontent\">\n\t\t\t\t<div class=\"ngg-thumbnail\">\n\t\t\t\t\t<a href=\"http:\/\/bopoha.lt\/index.php\/2016-norvegija-batsfjord\/?album=18&amp;gallery=198\"><img decoding=\"async\" class=\"Thumb\" alt=\"Pa\u0161vaist\u0117, B\u00e5tsfjord, 2016 03 11-12\" src=\"http:\/\/bopoha.lt\/wp-content\/gallery\/pasvaiste-batsfjord-2016-03-11-12\/thumbs\/thumbs_7729.jpg\"\/><\/a>\n\t\t\t\t<\/div>\n\t\t\t\t<div class=\"ngg-description\">\n\t\t\t\t<p><\/p>\n\t\t\t\t\t\t\t\t<p><strong>69<\/strong> Photos<\/p>\n\t\t\t\t\t\t\t<\/div>\n\t\t<\/div>\n\t<\/div>\n\n \t\n\t<div class=\"ngg-album\">\n\t\t<div class=\"ngg-albumtitle\"><a href=\"http:\/\/bopoha.lt\/index.php\/2016-norvegija-batsfjord\/?album=18&amp;gallery=203\">2016 03 12. Lietinga. Tre\u010dia diena<\/a><\/div>\n\t\t\t<div class=\"ngg-albumcontent\">\n\t\t\t\t<div class=\"ngg-thumbnail\">\n\t\t\t\t\t<a href=\"http:\/\/bopoha.lt\/index.php\/2016-norvegija-batsfjord\/?album=18&amp;gallery=203\"><img decoding=\"async\" class=\"Thumb\" alt=\"2016 03 12. Lietinga. Tre\u010dia diena\" src=\"http:\/\/bopoha.lt\/wp-content\/gallery\/2016-03-12-lietinga-trecia-diena\/thumbs\/thumbs_7875.jpg\"\/><\/a>\n\t\t\t\t<\/div>\n\t\t\t\t<div class=\"ngg-description\">\n\t\t\t\t<p><\/p>\n\t\t\t\t\t\t\t\t<p><strong>35<\/strong> Photos<\/p>\n\t\t\t\t\t\t\t<\/div>\n\t\t<\/div>\n\t<\/div>\n\n \t\n\t<div class=\"ngg-album\">\n\t\t<div class=\"ngg-albumtitle\"><a href=\"http:\/\/bopoha.lt\/index.php\/2016-norvegija-batsfjord\/?album=18&amp;gallery=204\">2016 03 13. Kalnuose<\/a><\/div>\n\t\t\t<div class=\"ngg-albumcontent\">\n\t\t\t\t<div class=\"ngg-thumbnail\">\n\t\t\t\t\t<a href=\"http:\/\/bopoha.lt\/index.php\/2016-norvegija-batsfjord\/?album=18&amp;gallery=204\"><img decoding=\"async\" class=\"Thumb\" alt=\"2016 03 13. Kalnuose\" src=\"http:\/\/bopoha.lt\/wp-content\/gallery\/2016-03-12-kalnuose\/thumbs\/thumbs_8499.jpg\"\/><\/a>\n\t\t\t\t<\/div>\n\t\t\t\t<div class=\"ngg-description\">\n\t\t\t\t<p><\/p>\n\t\t\t\t\t\t\t\t<p><strong>103<\/strong> Photos<\/p>\n\t\t\t\t\t\t\t<\/div>\n\t\t<\/div>\n\t<\/div>\n\n \t\n\t<div class=\"ngg-album\">\n\t\t<div class=\"ngg-albumtitle\"><a href=\"http:\/\/bopoha.lt\/index.php\/2016-norvegija-batsfjord\/?album=18&amp;gallery=205\">2016 03 14. \u0160en ten<\/a><\/div>\n\t\t\t<div class=\"ngg-albumcontent\">\n\t\t\t\t<div class=\"ngg-thumbnail\">\n\t\t\t\t\t<a href=\"http:\/\/bopoha.lt\/index.php\/2016-norvegija-batsfjord\/?album=18&amp;gallery=205\"><img decoding=\"async\" class=\"Thumb\" alt=\"2016 03 14. \u0160en ten\" src=\"http:\/\/bopoha.lt\/wp-content\/gallery\/2016-03-14-sen-ten\/thumbs\/thumbs_9266.jpg\"\/><\/a>\n\t\t\t\t<\/div>\n\t\t\t\t<div class=\"ngg-description\">\n\t\t\t\t<p><\/p>\n\t\t\t\t\t\t\t\t<p><strong>97<\/strong> Photos<\/p>\n\t\t\t\t\t\t\t<\/div>\n\t\t<\/div>\n\t<\/div>\n\n \t\n\t<div class=\"ngg-album\">\n\t\t<div class=\"ngg-albumtitle\"><a href=\"http:\/\/bopoha.lt\/index.php\/2016-norvegija-batsfjord\/?album=18&amp;gallery=206\">2016 03 15. Lietuje<\/a><\/div>\n\t\t\t<div class=\"ngg-albumcontent\">\n\t\t\t\t<div class=\"ngg-thumbnail\">\n\t\t\t\t\t<a href=\"http:\/\/bopoha.lt\/index.php\/2016-norvegija-batsfjord\/?album=18&amp;gallery=206\"><img decoding=\"async\" class=\"Thumb\" alt=\"2016 03 15. Lietuje\" src=\"http:\/\/bopoha.lt\/wp-content\/gallery\/2016-03-15-lietuje\/thumbs\/thumbs_9834.jpg\"\/><\/a>\n\t\t\t\t<\/div>\n\t\t\t\t<div class=\"ngg-description\">\n\t\t\t\t<p><\/p>\n\t\t\t\t\t\t\t\t<p><strong>63<\/strong> Photos<\/p>\n\t\t\t\t\t\t\t<\/div>\n\t\t<\/div>\n\t<\/div>\n\n \t\n\t<div class=\"ngg-album\">\n\t\t<div class=\"ngg-albumtitle\"><a href=\"http:\/\/bopoha.lt\/index.php\/2016-norvegija-batsfjord\/?album=18&amp;gallery=207\">2016 03 16. P\u016bgoje<\/a><\/div>\n\t\t\t<div class=\"ngg-albumcontent\">\n\t\t\t\t<div class=\"ngg-thumbnail\">\n\t\t\t\t\t<a href=\"http:\/\/bopoha.lt\/index.php\/2016-norvegija-batsfjord\/?album=18&amp;gallery=207\"><img decoding=\"async\" class=\"Thumb\" alt=\"2016 03 16. P\u016bgoje\" src=\"http:\/\/bopoha.lt\/wp-content\/gallery\/2016-03-16-pugoje\/thumbs\/thumbs_9976.jpg\"\/><\/a>\n\t\t\t\t<\/div>\n\t\t\t\t<div class=\"ngg-description\">\n\t\t\t\t<p><\/p>\n\t\t\t\t\t\t\t\t<p><strong>89<\/strong> Photos<\/p>\n\t\t\t\t\t\t\t<\/div>\n\t\t<\/div>\n\t<\/div>\n\n \t \t\n\t<!-- Pagination -->\n \t<div class=\"ngg-clear\"><\/div> \t\n<\/div>\n\n\n","protected":false},"excerpt":{"rendered":"","protected":false},"author":1,"featured_media":0,"parent":0,"menu_order":0,"comment_status":"closed","ping_status":"open","template":"","meta":{"footnotes":""},"class_list":["post-789","page","type-page","status-publish","hentry"],"_links":{"self":[{"href":"http:\/\/bopoha.lt\/index.php\/wp-json\/wp\/v2\/pages\/789","targetHints":{"allow":["GET"]}}],"collection":[{"href":"http:\/\/bopoha.lt\/index.php\/wp-json\/wp\/v2\/pages"}],"about":[{"href":"http:\/\/bopoha.lt\/index.php\/wp-json\/wp\/v2\/types\/page"}],"author":[{"embeddable":true,"href":"http:\/\/bopoha.lt\/index.php\/wp-json\/wp\/v2\/users\/1"}],"replies":[{"embeddable":true,"href":"http:\/\/bopoha.lt\/index.php\/wp-json\/wp\/v2\/comments?post=789"}],"version-history":[{"count":1,"href":"http:\/\/bopoha.lt\/index.php\/wp-json\/wp\/v2\/pages\/789\/revisions"}],"predecessor-version":[{"id":790,"href":"http:\/\/bopoha.lt\/index.php\/wp-json\/wp\/v2\/pages\/789\/revisions\/790"}],"wp:attachment":[{"href":"http:\/\/bopoha.lt\/index.php\/wp-json\/wp\/v2\/media?parent=789"}],"curies":[{"name":"wp","href":"https:\/\/api.w.org\/{rel}","templated":true}]}}