{"id":968,"date":"2017-01-11T22:46:01","date_gmt":"2017-01-11T20:46:01","guid":{"rendered":"http:\/\/bopoha.lt\/?page_id=968"},"modified":"2017-01-11T22:46:01","modified_gmt":"2017-01-11T20:46:01","slug":"nemuno-pakrantem","status":"publish","type":"page","link":"http:\/\/bopoha.lt\/index.php\/nemuno-pakrantem\/","title":{"rendered":"Nemuno pakrant\u0117m"},"content":{"rendered":"\n<div class=\"ngg-albumoverview\">\t\n\t<!-- List of galleries -->\n\t\n\t<div class=\"ngg-album\">\n\t\t<div class=\"ngg-albumtitle\"><a href=\"http:\/\/bopoha.lt\/index.php\/nemuno-pakrantem\/?album=7&amp;gallery=83\">2014 pavasaris. Vilkijos ba\u017eny\u010dia<\/a><\/div>\n\t\t\t<div class=\"ngg-albumcontent\">\n\t\t\t\t<div class=\"ngg-thumbnail\">\n\t\t\t\t\t<a href=\"http:\/\/bopoha.lt\/index.php\/nemuno-pakrantem\/?album=7&amp;gallery=83\"><img decoding=\"async\" class=\"Thumb\" alt=\"2014 pavasaris. Vilkijos ba\u017eny\u010dia\" src=\"http:\/\/bopoha.lt\/wp-content\/gallery\/2014-pavasaris-vilkijos-baznycia\/thumbs\/thumbs_712.jpg\"\/><\/a>\n\t\t\t\t<\/div>\n\t\t\t\t<div class=\"ngg-description\">\n\t\t\t\t<p><\/p>\n\t\t\t\t\t\t\t\t<p><strong>4<\/strong> Photos<\/p>\n\t\t\t\t\t\t\t<\/div>\n\t\t<\/div>\n\t<\/div>\n\n \t\n\t<div class=\"ngg-album\">\n\t\t<div class=\"ngg-albumtitle\"><a href=\"http:\/\/bopoha.lt\/index.php\/nemuno-pakrantem\/?album=7&amp;gallery=84\">2014 pavasaris. Sered\u017eius, Palemonas<\/a><\/div>\n\t\t\t<div class=\"ngg-albumcontent\">\n\t\t\t\t<div class=\"ngg-thumbnail\">\n\t\t\t\t\t<a href=\"http:\/\/bopoha.lt\/index.php\/nemuno-pakrantem\/?album=7&amp;gallery=84\"><img decoding=\"async\" class=\"Thumb\" alt=\"2014 pavasaris. Sered\u017eius, Palemonas\" src=\"http:\/\/bopoha.lt\/wp-content\/gallery\/2014-pavasaris-seredzius-palemonas\/thumbs\/thumbs_718.jpg\"\/><\/a>\n\t\t\t\t<\/div>\n\t\t\t\t<div class=\"ngg-description\">\n\t\t\t\t<p><\/p>\n\t\t\t\t\t\t\t\t<p><strong>11<\/strong> Photos<\/p>\n\t\t\t\t\t\t\t<\/div>\n\t\t<\/div>\n\t<\/div>\n\n \t\n\t<div class=\"ngg-album\">\n\t\t<div class=\"ngg-albumtitle\"><a href=\"http:\/\/bopoha.lt\/index.php\/nemuno-pakrantem\/?album=7&amp;gallery=85\">2014 pavasaris. Belvederio dvaras<\/a><\/div>\n\t\t\t<div class=\"ngg-albumcontent\">\n\t\t\t\t<div class=\"ngg-thumbnail\">\n\t\t\t\t\t<a href=\"http:\/\/bopoha.lt\/index.php\/nemuno-pakrantem\/?album=7&amp;gallery=85\"><img decoding=\"async\" class=\"Thumb\" alt=\"2014 pavasaris. Belvederio dvaras\" src=\"http:\/\/bopoha.lt\/wp-content\/gallery\/2014-pavasaris-belvederio-dvaras\/thumbs\/thumbs_728.jpg\"\/><\/a>\n\t\t\t\t<\/div>\n\t\t\t\t<div class=\"ngg-description\">\n\t\t\t\t<p><\/p>\n\t\t\t\t\t\t\t\t<p><strong>4<\/strong> Photos<\/p>\n\t\t\t\t\t\t\t<\/div>\n\t\t<\/div>\n\t<\/div>\n\n \t\n\t<div class=\"ngg-album\">\n\t\t<div class=\"ngg-albumtitle\"><a href=\"http:\/\/bopoha.lt\/index.php\/nemuno-pakrantem\/?album=7&amp;gallery=86\">2014 pavasaris. Veliuona<\/a><\/div>\n\t\t\t<div class=\"ngg-albumcontent\">\n\t\t\t\t<div class=\"ngg-thumbnail\">\n\t\t\t\t\t<a href=\"http:\/\/bopoha.lt\/index.php\/nemuno-pakrantem\/?album=7&amp;gallery=86\"><img decoding=\"async\" class=\"Thumb\" alt=\"2014 pavasaris. Veliuona\" src=\"http:\/\/bopoha.lt\/wp-content\/gallery\/2014-pavasaris-veliuona\/thumbs\/thumbs_803.jpg\"\/><\/a>\n\t\t\t\t<\/div>\n\t\t\t\t<div class=\"ngg-description\">\n\t\t\t\t<p><\/p>\n\t\t\t\t\t\t\t\t<p><strong>15<\/strong> Photos<\/p>\n\t\t\t\t\t\t\t<\/div>\n\t\t<\/div>\n\t<\/div>\n\n \t\n\t<div class=\"ngg-album\">\n\t\t<div class=\"ngg-albumtitle\"><a href=\"http:\/\/bopoha.lt\/index.php\/nemuno-pakrantem\/?album=7&amp;gallery=87\">2014 pavasaris. Raudon\u0117s pilis<\/a><\/div>\n\t\t\t<div class=\"ngg-albumcontent\">\n\t\t\t\t<div class=\"ngg-thumbnail\">\n\t\t\t\t\t<a href=\"http:\/\/bopoha.lt\/index.php\/nemuno-pakrantem\/?album=7&amp;gallery=87\"><img decoding=\"async\" class=\"Thumb\" alt=\"2014 pavasaris. Raudon\u0117s pilis\" src=\"http:\/\/bopoha.lt\/wp-content\/gallery\/2014-pavasaris-raudones-pilis\/thumbs\/thumbs_812.jpg\"\/><\/a>\n\t\t\t\t<\/div>\n\t\t\t\t<div class=\"ngg-description\">\n\t\t\t\t<p><\/p>\n\t\t\t\t\t\t\t\t<p><strong>12<\/strong> Photos<\/p>\n\t\t\t\t\t\t\t<\/div>\n\t\t<\/div>\n\t<\/div>\n\n \t\n\t<div class=\"ngg-album\">\n\t\t<div class=\"ngg-albumtitle\"><a href=\"http:\/\/bopoha.lt\/index.php\/nemuno-pakrantem\/?album=7&amp;gallery=88\">2014 pavasaris. Panemun\u0117s pilis<\/a><\/div>\n\t\t\t<div class=\"ngg-albumcontent\">\n\t\t\t\t<div class=\"ngg-thumbnail\">\n\t\t\t\t\t<a href=\"http:\/\/bopoha.lt\/index.php\/nemuno-pakrantem\/?album=7&amp;gallery=88\"><img decoding=\"async\" class=\"Thumb\" alt=\"2014 pavasaris. Panemun\u0117s pilis\" src=\"http:\/\/bopoha.lt\/wp-content\/gallery\/2014-pavasaris-panemunes-pilis\/thumbs\/thumbs_880.jpg\"\/><\/a>\n\t\t\t\t<\/div>\n\t\t\t\t<div class=\"ngg-description\">\n\t\t\t\t<p><\/p>\n\t\t\t\t\t\t\t\t<p><strong>24<\/strong> Photos<\/p>\n\t\t\t\t\t\t\t<\/div>\n\t\t<\/div>\n\t<\/div>\n\n \t\n\t<div class=\"ngg-album\">\n\t\t<div class=\"ngg-albumtitle\"><a href=\"http:\/\/bopoha.lt\/index.php\/nemuno-pakrantem\/?album=7&amp;gallery=89\">2014 pavasaris. Zypli\u0173 dvaras<\/a><\/div>\n\t\t\t<div class=\"ngg-albumcontent\">\n\t\t\t\t<div class=\"ngg-thumbnail\">\n\t\t\t\t\t<a href=\"http:\/\/bopoha.lt\/index.php\/nemuno-pakrantem\/?album=7&amp;gallery=89\"><img decoding=\"async\" class=\"Thumb\" alt=\"2014 pavasaris. Zypli\u0173 dvaras\" src=\"http:\/\/bopoha.lt\/wp-content\/gallery\/2014-pavasaris-zypliu-dvaras\/thumbs\/thumbs_957.jpg\"\/><\/a>\n\t\t\t\t<\/div>\n\t\t\t\t<div class=\"ngg-description\">\n\t\t\t\t<p><\/p>\n\t\t\t\t\t\t\t\t<p><strong>18<\/strong> Photos<\/p>\n\t\t\t\t\t\t\t<\/div>\n\t\t<\/div>\n\t<\/div>\n\n \t\n\t<div class=\"ngg-album\">\n\t\t<div class=\"ngg-albumtitle\"><a href=\"http:\/\/bopoha.lt\/index.php\/nemuno-pakrantem\/?album=7&amp;gallery=90\">2014 pavasaris. Zapy\u0161kio ba\u017eny\u010dia<\/a><\/div>\n\t\t\t<div class=\"ngg-albumcontent\">\n\t\t\t\t<div class=\"ngg-thumbnail\">\n\t\t\t\t\t<a href=\"http:\/\/bopoha.lt\/index.php\/nemuno-pakrantem\/?album=7&amp;gallery=90\"><img decoding=\"async\" class=\"Thumb\" alt=\"2014 pavasaris. Zapy\u0161kio ba\u017eny\u010dia\" src=\"http:\/\/bopoha.lt\/wp-content\/gallery\/2014-pavasaris-zapyskio-baznycia\/thumbs\/thumbs_958.jpg\"\/><\/a>\n\t\t\t\t<\/div>\n\t\t\t\t<div class=\"ngg-description\">\n\t\t\t\t<p><\/p>\n\t\t\t\t\t\t\t\t<p><strong>7<\/strong> Photos<\/p>\n\t\t\t\t\t\t\t<\/div>\n\t\t<\/div>\n\t<\/div>\n\n \t \t\n\t<!-- Pagination -->\n \t<div class=\"ngg-clear\"><\/div> \t\n<\/div>\n\n\n","protected":false},"excerpt":{"rendered":"","protected":false},"author":1,"featured_media":0,"parent":0,"menu_order":0,"comment_status":"closed","ping_status":"open","template":"","meta":{"footnotes":""},"class_list":["post-968","page","type-page","status-publish","hentry"],"_links":{"self":[{"href":"http:\/\/bopoha.lt\/index.php\/wp-json\/wp\/v2\/pages\/968","targetHints":{"allow":["GET"]}}],"collection":[{"href":"http:\/\/bopoha.lt\/index.php\/wp-json\/wp\/v2\/pages"}],"about":[{"href":"http:\/\/bopoha.lt\/index.php\/wp-json\/wp\/v2\/types\/page"}],"author":[{"embeddable":true,"href":"http:\/\/bopoha.lt\/index.php\/wp-json\/wp\/v2\/users\/1"}],"replies":[{"embeddable":true,"href":"http:\/\/bopoha.lt\/index.php\/wp-json\/wp\/v2\/comments?post=968"}],"version-history":[{"count":1,"href":"http:\/\/bopoha.lt\/index.php\/wp-json\/wp\/v2\/pages\/968\/revisions"}],"predecessor-version":[{"id":969,"href":"http:\/\/bopoha.lt\/index.php\/wp-json\/wp\/v2\/pages\/968\/revisions\/969"}],"wp:attachment":[{"href":"http:\/\/bopoha.lt\/index.php\/wp-json\/wp\/v2\/media?parent=968"}],"curies":[{"name":"wp","href":"https:\/\/api.w.org\/{rel}","templated":true}]}}