{"id":970,"date":"2017-01-11T22:49:11","date_gmt":"2017-01-11T20:49:11","guid":{"rendered":"http:\/\/bopoha.lt\/?page_id=970"},"modified":"2017-01-11T22:49:11","modified_gmt":"2017-01-11T20:49:11","slug":"krekenavos-rp","status":"publish","type":"page","link":"http:\/\/bopoha.lt\/index.php\/krekenavos-rp\/","title":{"rendered":"Krekenavos RP"},"content":{"rendered":"\n<div class=\"ngg-albumoverview\">\t\n\t<!-- List of galleries -->\n\t\n\t<div class=\"ngg-album\">\n\t\t<div class=\"ngg-albumtitle\"><a href=\"http:\/\/bopoha.lt\/index.php\/krekenavos-rp\/?album=12&amp;gallery=41\">Danieliai Krekenavos RP<\/a><\/div>\n\t\t\t<div class=\"ngg-albumcontent\">\n\t\t\t\t<div class=\"ngg-thumbnail\">\n\t\t\t\t\t<a href=\"http:\/\/bopoha.lt\/index.php\/krekenavos-rp\/?album=12&amp;gallery=41\"><img decoding=\"async\" class=\"Thumb\" alt=\"Danieliai Krekenavos RP\" src=\"http:\/\/bopoha.lt\/wp-content\/gallery\/danieliai-krekenavos-rp\/thumbs\/thumbs_7801.jpg\"\/><\/a>\n\t\t\t\t<\/div>\n\t\t\t\t<div class=\"ngg-description\">\n\t\t\t\t<p>2013 m. gruod\u017eio 25 d. Krekenavos RP<\/p>\n\t\t\t\t\t\t\t\t<p><strong>6<\/strong> Photos<\/p>\n\t\t\t\t\t\t\t<\/div>\n\t\t<\/div>\n\t<\/div>\n\n \t\n\t<div class=\"ngg-album\">\n\t\t<div class=\"ngg-albumtitle\"><a href=\"http:\/\/bopoha.lt\/index.php\/krekenavos-rp\/?album=12&amp;gallery=42\">Danili\u0161kio liep\u0173 al\u0117ja, Krekenavos RP<\/a><\/div>\n\t\t\t<div class=\"ngg-albumcontent\">\n\t\t\t\t<div class=\"ngg-thumbnail\">\n\t\t\t\t\t<a href=\"http:\/\/bopoha.lt\/index.php\/krekenavos-rp\/?album=12&amp;gallery=42\"><img decoding=\"async\" class=\"Thumb\" alt=\"Danili\u0161kio liep\u0173 al\u0117ja, Krekenavos RP\" src=\"http:\/\/bopoha.lt\/wp-content\/gallery\/daniliskio-liepu-aleja-krekenavos-rp\/thumbs\/thumbs_7691.jpg\"\/><\/a>\n\t\t\t\t<\/div>\n\t\t\t\t<div class=\"ngg-description\">\n\t\t\t\t<p>2013 m. gruod\u017eio 25 d. Krekenavos RP <\/p>\n\t\t\t\t\t\t\t\t<p><strong>18<\/strong> Photos<\/p>\n\t\t\t\t\t\t\t<\/div>\n\t\t<\/div>\n\t<\/div>\n\n \t\n\t<div class=\"ngg-album\">\n\t\t<div class=\"ngg-albumtitle\"><a href=\"http:\/\/bopoha.lt\/index.php\/krekenavos-rp\/?album=12&amp;gallery=43\">Rod\u0173 koply\u010dia, Krekenavos RP<\/a><\/div>\n\t\t\t<div class=\"ngg-albumcontent\">\n\t\t\t\t<div class=\"ngg-thumbnail\">\n\t\t\t\t\t<a href=\"http:\/\/bopoha.lt\/index.php\/krekenavos-rp\/?album=12&amp;gallery=43\"><img decoding=\"async\" class=\"Thumb\" alt=\"Rod\u0173 koply\u010dia, Krekenavos RP\" src=\"http:\/\/bopoha.lt\/wp-content\/gallery\/rodu-koplycia-krekenavos-rp\/thumbs\/thumbs_\"\/><\/a>\n\t\t\t\t<\/div>\n\t\t\t\t<div class=\"ngg-description\">\n\t\t\t\t<p>2013 m. gruod\u017eio 25 d. Krekenavos RP  <\/p>\n\t\t\t\t\t\t\t\t<p><strong>2<\/strong> Photos<\/p>\n\t\t\t\t\t\t\t<\/div>\n\t\t<\/div>\n\t<\/div>\n\n \t\n\t<div class=\"ngg-album\">\n\t\t<div class=\"ngg-albumtitle\"><a href=\"http:\/\/bopoha.lt\/index.php\/krekenavos-rp\/?album=12&amp;gallery=44\">Krekenavos ba\u017eny\u010dia<\/a><\/div>\n\t\t\t<div class=\"ngg-albumcontent\">\n\t\t\t\t<div class=\"ngg-thumbnail\">\n\t\t\t\t\t<a href=\"http:\/\/bopoha.lt\/index.php\/krekenavos-rp\/?album=12&amp;gallery=44\"><img decoding=\"async\" class=\"Thumb\" alt=\"Krekenavos ba\u017eny\u010dia\" src=\"http:\/\/bopoha.lt\/wp-content\/gallery\/krekenavos-baznycia\/thumbs\/thumbs_7638.jpg\"\/><\/a>\n\t\t\t\t<\/div>\n\t\t\t\t<div class=\"ngg-description\">\n\t\t\t\t<p>2013 m. gruod\u017eio 25 d.<\/p>\n\t\t\t\t\t\t\t\t<p><strong>4<\/strong> Photos<\/p>\n\t\t\t\t\t\t\t<\/div>\n\t\t<\/div>\n\t<\/div>\n\n \t\n\t<div class=\"ngg-album\">\n\t\t<div class=\"ngg-albumtitle\"><a href=\"http:\/\/bopoha.lt\/index.php\/krekenavos-rp\/?album=12&amp;gallery=45\">\u0160ventybrastis<\/a><\/div>\n\t\t\t<div class=\"ngg-albumcontent\">\n\t\t\t\t<div class=\"ngg-thumbnail\">\n\t\t\t\t\t<a href=\"http:\/\/bopoha.lt\/index.php\/krekenavos-rp\/?album=12&amp;gallery=45\"><img decoding=\"async\" class=\"Thumb\" alt=\"\u0160ventybrastis\" src=\"http:\/\/bopoha.lt\/wp-content\/gallery\/sventybrastis\/thumbs\/thumbs_7724.jpg\"\/><\/a>\n\t\t\t\t<\/div>\n\t\t\t\t<div class=\"ngg-description\">\n\t\t\t\t<p>2013 m. gruod\u017eio 25 d.<\/p>\n\t\t\t\t\t\t\t\t<p><strong>8<\/strong> Photos<\/p>\n\t\t\t\t\t\t\t<\/div>\n\t\t<\/div>\n\t<\/div>\n\n \t\n\t<div class=\"ngg-album\">\n\t\t<div class=\"ngg-albumtitle\"><a href=\"http:\/\/bopoha.lt\/index.php\/krekenavos-rp\/?album=12&amp;gallery=48\">Siruti\u0161kio dvaras ir parkas<\/a><\/div>\n\t\t\t<div class=\"ngg-albumcontent\">\n\t\t\t\t<div class=\"ngg-thumbnail\">\n\t\t\t\t\t<a href=\"http:\/\/bopoha.lt\/index.php\/krekenavos-rp\/?album=12&amp;gallery=48\"><img decoding=\"async\" class=\"Thumb\" alt=\"Siruti\u0161kio dvaras ir parkas\" src=\"http:\/\/bopoha.lt\/wp-content\/gallery\/sirutiskio-dvaras-ir-parkas\/thumbs\/thumbs_7752.jpg\"\/><\/a>\n\t\t\t\t<\/div>\n\t\t\t\t<div class=\"ngg-description\">\n\t\t\t\t<p><\/p>\n\t\t\t\t\t\t\t\t<p><strong>8<\/strong> Photos<\/p>\n\t\t\t\t\t\t\t<\/div>\n\t\t<\/div>\n\t<\/div>\n\n \t \t\n\t<!-- Pagination -->\n \t<div class=\"ngg-clear\"><\/div> \t\n<\/div>\n\n\n","protected":false},"excerpt":{"rendered":"","protected":false},"author":1,"featured_media":0,"parent":0,"menu_order":0,"comment_status":"closed","ping_status":"open","template":"","meta":{"footnotes":""},"class_list":["post-970","page","type-page","status-publish","hentry"],"_links":{"self":[{"href":"http:\/\/bopoha.lt\/index.php\/wp-json\/wp\/v2\/pages\/970","targetHints":{"allow":["GET"]}}],"collection":[{"href":"http:\/\/bopoha.lt\/index.php\/wp-json\/wp\/v2\/pages"}],"about":[{"href":"http:\/\/bopoha.lt\/index.php\/wp-json\/wp\/v2\/types\/page"}],"author":[{"embeddable":true,"href":"http:\/\/bopoha.lt\/index.php\/wp-json\/wp\/v2\/users\/1"}],"replies":[{"embeddable":true,"href":"http:\/\/bopoha.lt\/index.php\/wp-json\/wp\/v2\/comments?post=970"}],"version-history":[{"count":1,"href":"http:\/\/bopoha.lt\/index.php\/wp-json\/wp\/v2\/pages\/970\/revisions"}],"predecessor-version":[{"id":971,"href":"http:\/\/bopoha.lt\/index.php\/wp-json\/wp\/v2\/pages\/970\/revisions\/971"}],"wp:attachment":[{"href":"http:\/\/bopoha.lt\/index.php\/wp-json\/wp\/v2\/media?parent=970"}],"curies":[{"name":"wp","href":"https:\/\/api.w.org\/{rel}","templated":true}]}}