{"id":974,"date":"2017-01-11T22:56:35","date_gmt":"2017-01-11T20:56:35","guid":{"rendered":"http:\/\/bopoha.lt\/?page_id=974"},"modified":"2017-01-11T22:56:35","modified_gmt":"2017-01-11T20:56:35","slug":"kedainiu-krastas","status":"publish","type":"page","link":"http:\/\/bopoha.lt\/index.php\/kedainiu-krastas\/","title":{"rendered":"K\u0117daini\u0173 kra\u0161tas"},"content":{"rendered":"\n<div class=\"ngg-albumoverview\">\t\n\t<!-- List of galleries -->\n\t\n\t<div class=\"ngg-album\">\n\t\t<div class=\"ngg-albumtitle\"><a href=\"http:\/\/bopoha.lt\/index.php\/kedainiu-krastas\/?album=19&amp;gallery=217\">2016 gegu\u017e\u0117. Pro K\u0117dainius. Bakaini\u0173 piliakalnis<\/a><\/div>\n\t\t\t<div class=\"ngg-albumcontent\">\n\t\t\t\t<div class=\"ngg-thumbnail\">\n\t\t\t\t\t<a href=\"http:\/\/bopoha.lt\/index.php\/kedainiu-krastas\/?album=19&amp;gallery=217\"><img decoding=\"async\" class=\"Thumb\" alt=\"2016 gegu\u017e\u0117. Pro K\u0117dainius. Bakaini\u0173 piliakalnis\" src=\"http:\/\/bopoha.lt\/wp-content\/gallery\/2016-geguze-pro-kedainius-bakainiu-piliakalnis\/thumbs\/thumbs_2961.jpg\"\/><\/a>\n\t\t\t\t<\/div>\n\t\t\t\t<div class=\"ngg-description\">\n\t\t\t\t<p><\/p>\n\t\t\t\t\t\t\t\t<p><strong>12<\/strong> Photos<\/p>\n\t\t\t\t\t\t\t<\/div>\n\t\t<\/div>\n\t<\/div>\n\n \t\n\t<div class=\"ngg-album\">\n\t\t<div class=\"ngg-albumtitle\"><a href=\"http:\/\/bopoha.lt\/index.php\/kedainiu-krastas\/?album=19&amp;gallery=216\">2016 gegu\u017e\u0117. Pro K\u0117dainius. Siruti\u0161kio dvaro parkas<\/a><\/div>\n\t\t\t<div class=\"ngg-albumcontent\">\n\t\t\t\t<div class=\"ngg-thumbnail\">\n\t\t\t\t\t<a href=\"http:\/\/bopoha.lt\/index.php\/kedainiu-krastas\/?album=19&amp;gallery=216\"><img decoding=\"async\" class=\"Thumb\" alt=\"2016 gegu\u017e\u0117. Pro K\u0117dainius. Siruti\u0161kio dvaro parkas\" src=\"http:\/\/bopoha.lt\/wp-content\/gallery\/2016-geguze-pro-kedainius-sirutiskio-dvaro-parkas\/thumbs\/thumbs_2936.jpg\"\/><\/a>\n\t\t\t\t<\/div>\n\t\t\t\t<div class=\"ngg-description\">\n\t\t\t\t<p><\/p>\n\t\t\t\t\t\t\t\t<p><strong>12<\/strong> Photos<\/p>\n\t\t\t\t\t\t\t<\/div>\n\t\t<\/div>\n\t<\/div>\n\n \t\n\t<div class=\"ngg-album\">\n\t\t<div class=\"ngg-albumtitle\"><a href=\"http:\/\/bopoha.lt\/index.php\/kedainiu-krastas\/?album=19&amp;gallery=215\">2016 gegu\u017e\u0117. Pro K\u0117dainius. Dotnuvos dvaras<\/a><\/div>\n\t\t\t<div class=\"ngg-albumcontent\">\n\t\t\t\t<div class=\"ngg-thumbnail\">\n\t\t\t\t\t<a href=\"http:\/\/bopoha.lt\/index.php\/kedainiu-krastas\/?album=19&amp;gallery=215\"><img decoding=\"async\" class=\"Thumb\" alt=\"2016 gegu\u017e\u0117. Pro K\u0117dainius. Dotnuvos dvaras\" src=\"http:\/\/bopoha.lt\/wp-content\/gallery\/2016-geguze-pro-kedainius-dotnuvos-dvaras\/thumbs\/thumbs_2801.jpg\"\/><\/a>\n\t\t\t\t<\/div>\n\t\t\t\t<div class=\"ngg-description\">\n\t\t\t\t<p><\/p>\n\t\t\t\t\t\t\t\t<p><strong>16<\/strong> Photos<\/p>\n\t\t\t\t\t\t\t<\/div>\n\t\t<\/div>\n\t<\/div>\n\n \t\n\t<div class=\"ngg-album\">\n\t\t<div class=\"ngg-albumtitle\"><a href=\"http:\/\/bopoha.lt\/index.php\/kedainiu-krastas\/?album=19&amp;gallery=214\">2016 gegu\u017e\u0117. Pro K\u0117dainius. Lab\u016bnava<\/a><\/div>\n\t\t\t<div class=\"ngg-albumcontent\">\n\t\t\t\t<div class=\"ngg-thumbnail\">\n\t\t\t\t\t<a href=\"http:\/\/bopoha.lt\/index.php\/kedainiu-krastas\/?album=19&amp;gallery=214\"><img decoding=\"async\" class=\"Thumb\" alt=\"2016 gegu\u017e\u0117. Pro K\u0117dainius. Lab\u016bnava\" src=\"http:\/\/bopoha.lt\/wp-content\/gallery\/2016-geguze-pro-kedainius-labunava\/thumbs\/thumbs_2713.jpg\"\/><\/a>\n\t\t\t\t<\/div>\n\t\t\t\t<div class=\"ngg-description\">\n\t\t\t\t<p><\/p>\n\t\t\t\t\t\t\t\t<p><strong>38<\/strong> Photos<\/p>\n\t\t\t\t\t\t\t<\/div>\n\t\t<\/div>\n\t<\/div>\n\n \t\n\t<div class=\"ngg-album\">\n\t\t<div class=\"ngg-albumtitle\"><a href=\"http:\/\/bopoha.lt\/index.php\/kedainiu-krastas\/?album=19&amp;gallery=218\">2016 gegu\u017e\u0117. Pro K\u0117dainius. Danili\u0161kio liep\u0173 al\u0117ja ir Krekenavos RP ap\u0161valgos bok\u0161tas<\/a><\/div>\n\t\t\t<div class=\"ngg-albumcontent\">\n\t\t\t\t<div class=\"ngg-thumbnail\">\n\t\t\t\t\t<a href=\"http:\/\/bopoha.lt\/index.php\/kedainiu-krastas\/?album=19&amp;gallery=218\"><img decoding=\"async\" class=\"Thumb\" alt=\"2016 gegu\u017e\u0117. Pro K\u0117dainius. Danili\u0161kio liep\u0173 al\u0117ja ir Krekenavos RP ap\u0161valgos bok\u0161tas\" src=\"http:\/\/bopoha.lt\/wp-content\/gallery\/2016-geguze-pro-kedainius-daniliskio-liepu-aleja-ir-krekenavos-rp-apsvalgos-bokstas\/thumbs\/thumbs_3128.jpg\"\/><\/a>\n\t\t\t\t<\/div>\n\t\t\t\t<div class=\"ngg-description\">\n\t\t\t\t<p><\/p>\n\t\t\t\t\t\t\t\t<p><strong>18<\/strong> Photos<\/p>\n\t\t\t\t\t\t\t<\/div>\n\t\t<\/div>\n\t<\/div>\n\n \t \t\n\t<!-- Pagination -->\n \t<div class=\"ngg-clear\"><\/div> \t\n<\/div>\n\n\n","protected":false},"excerpt":{"rendered":"","protected":false},"author":1,"featured_media":0,"parent":0,"menu_order":0,"comment_status":"closed","ping_status":"open","template":"","meta":{"footnotes":""},"class_list":["post-974","page","type-page","status-publish","hentry"],"_links":{"self":[{"href":"http:\/\/bopoha.lt\/index.php\/wp-json\/wp\/v2\/pages\/974","targetHints":{"allow":["GET"]}}],"collection":[{"href":"http:\/\/bopoha.lt\/index.php\/wp-json\/wp\/v2\/pages"}],"about":[{"href":"http:\/\/bopoha.lt\/index.php\/wp-json\/wp\/v2\/types\/page"}],"author":[{"embeddable":true,"href":"http:\/\/bopoha.lt\/index.php\/wp-json\/wp\/v2\/users\/1"}],"replies":[{"embeddable":true,"href":"http:\/\/bopoha.lt\/index.php\/wp-json\/wp\/v2\/comments?post=974"}],"version-history":[{"count":1,"href":"http:\/\/bopoha.lt\/index.php\/wp-json\/wp\/v2\/pages\/974\/revisions"}],"predecessor-version":[{"id":975,"href":"http:\/\/bopoha.lt\/index.php\/wp-json\/wp\/v2\/pages\/974\/revisions\/975"}],"wp:attachment":[{"href":"http:\/\/bopoha.lt\/index.php\/wp-json\/wp\/v2\/media?parent=974"}],"curies":[{"name":"wp","href":"https:\/\/api.w.org\/{rel}","templated":true}]}}