{"id":404,"date":"2014-09-01T09:11:53","date_gmt":"2014-09-01T07:11:53","guid":{"rendered":"http:\/\/bopoha.lt\/?page_id=404"},"modified":"2014-09-01T09:11:53","modified_gmt":"2014-09-01T07:11:53","slug":"ukmerges-krastas","status":"publish","type":"page","link":"https:\/\/bopoha.lt\/index.php\/ukmerges-krastas\/","title":{"rendered":"Ukmerg\u0117s kra\u0161tas"},"content":{"rendered":"\n<div class=\"ngg-albumoverview\">\t\n\t<!-- List of galleries -->\n\t\n\t<div class=\"ngg-album\">\n\t\t<div class=\"ngg-albumtitle\"><a href=\"https:\/\/bopoha.lt\/index.php\/ukmerges-krastas\/?album=8&amp;gallery=67\">2014 m bir\u017eelis. Vaitku\u0161kis, Kosakovski\u0173 rezidencija<\/a><\/div>\n\t\t\t<div class=\"ngg-albumcontent\">\n\t\t\t\t<div class=\"ngg-thumbnail\">\n\t\t\t\t\t<a href=\"https:\/\/bopoha.lt\/index.php\/ukmerges-krastas\/?album=8&amp;gallery=67\"><img decoding=\"async\" class=\"Thumb\" alt=\"2014 m bir\u017eelis. Vaitku\u0161kis, Kosakovski\u0173 rezidencija\" src=\"https:\/\/bopoha.lt\/wp-content\/gallery\/vaitkuskis-kosakovskiu-rezidencija\/thumbs\/thumbs_11041.jpg\"\/><\/a>\n\t\t\t\t<\/div>\n\t\t\t\t<div class=\"ngg-description\">\n\t\t\t\t<p><\/p>\n\t\t\t\t\t\t\t\t<p><strong>1<\/strong> Photos<\/p>\n\t\t\t\t\t\t\t<\/div>\n\t\t<\/div>\n\t<\/div>\n\n \t\n\t<div class=\"ngg-album\">\n\t\t<div class=\"ngg-albumtitle\"><a href=\"https:\/\/bopoha.lt\/index.php\/ukmerges-krastas\/?album=8&amp;gallery=68\">2014 m bir\u017eelis. Deltuva, evangelik\u0173 reformat\u0173 ba\u017eny\u010dia<\/a><\/div>\n\t\t\t<div class=\"ngg-albumcontent\">\n\t\t\t\t<div class=\"ngg-thumbnail\">\n\t\t\t\t\t<a href=\"https:\/\/bopoha.lt\/index.php\/ukmerges-krastas\/?album=8&amp;gallery=68\"><img decoding=\"async\" class=\"Thumb\" alt=\"2014 m bir\u017eelis. Deltuva, evangelik\u0173 reformat\u0173 ba\u017eny\u010dia\" src=\"https:\/\/bopoha.lt\/wp-content\/gallery\/deltuva-evangeliku-reformatu-baznycia\/thumbs\/thumbs_11421.jpg\"\/><\/a>\n\t\t\t\t<\/div>\n\t\t\t\t<div class=\"ngg-description\">\n\t\t\t\t<p><\/p>\n\t\t\t\t\t\t\t\t<p><strong>18<\/strong> Photos<\/p>\n\t\t\t\t\t\t\t<\/div>\n\t\t<\/div>\n\t<\/div>\n\n \t\n\t<div class=\"ngg-album\">\n\t\t<div class=\"ngg-albumtitle\"><a href=\"https:\/\/bopoha.lt\/index.php\/ukmerges-krastas\/?album=8&amp;gallery=69\">2014 m bir\u017eelis. Siesik\u0173 pilis<\/a><\/div>\n\t\t\t<div class=\"ngg-albumcontent\">\n\t\t\t\t<div class=\"ngg-thumbnail\">\n\t\t\t\t\t<a href=\"https:\/\/bopoha.lt\/index.php\/ukmerges-krastas\/?album=8&amp;gallery=69\"><img decoding=\"async\" class=\"Thumb\" alt=\"2014 m bir\u017eelis. Siesik\u0173 pilis\" src=\"https:\/\/bopoha.lt\/wp-content\/gallery\/siesiku-pilis-2014-m-birzelis\/thumbs\/thumbs_11661.jpg\"\/><\/a>\n\t\t\t\t<\/div>\n\t\t\t\t<div class=\"ngg-description\">\n\t\t\t\t<p><\/p>\n\t\t\t\t\t\t\t\t<p><strong>18<\/strong> Photos<\/p>\n\t\t\t\t\t\t\t<\/div>\n\t\t<\/div>\n\t<\/div>\n\n \t\n\t<div class=\"ngg-album\">\n\t\t<div class=\"ngg-albumtitle\"><a href=\"https:\/\/bopoha.lt\/index.php\/ukmerges-krastas\/?album=8&amp;gallery=70\">2014 m bir\u017eelis. Tauj\u0117n\u0173 dvaras<\/a><\/div>\n\t\t\t<div class=\"ngg-albumcontent\">\n\t\t\t\t<div class=\"ngg-thumbnail\">\n\t\t\t\t\t<a href=\"https:\/\/bopoha.lt\/index.php\/ukmerges-krastas\/?album=8&amp;gallery=70\"><img decoding=\"async\" class=\"Thumb\" alt=\"2014 m bir\u017eelis. Tauj\u0117n\u0173 dvaras\" src=\"https:\/\/bopoha.lt\/wp-content\/gallery\/taujenu-dvaras-2014-m-birzelis\/thumbs\/thumbs_12361.jpg\"\/><\/a>\n\t\t\t\t<\/div>\n\t\t\t\t<div class=\"ngg-description\">\n\t\t\t\t<p><\/p>\n\t\t\t\t\t\t\t\t<p><strong>16<\/strong> Photos<\/p>\n\t\t\t\t\t\t\t<\/div>\n\t\t<\/div>\n\t<\/div>\n\n \t\n\t<div class=\"ngg-album\">\n\t\t<div class=\"ngg-albumtitle\"><a href=\"https:\/\/bopoha.lt\/index.php\/ukmerges-krastas\/?album=8&amp;gallery=71\">2014 m bir\u017eelis. Ka\u017ekur prie Kuzil\u0173<\/a><\/div>\n\t\t\t<div class=\"ngg-albumcontent\">\n\t\t\t\t<div class=\"ngg-thumbnail\">\n\t\t\t\t\t<a href=\"https:\/\/bopoha.lt\/index.php\/ukmerges-krastas\/?album=8&amp;gallery=71\"><img decoding=\"async\" class=\"Thumb\" alt=\"2014 m bir\u017eelis. Ka\u017ekur prie Kuzil\u0173\" src=\"https:\/\/bopoha.lt\/wp-content\/gallery\/kazkur-prie-kuzilu-2014-m-birzelis\/thumbs\/thumbs_12841.jpg\"\/><\/a>\n\t\t\t\t<\/div>\n\t\t\t\t<div class=\"ngg-description\">\n\t\t\t\t<p><\/p>\n\t\t\t\t\t\t\t\t<p><strong>10<\/strong> Photos<\/p>\n\t\t\t\t\t\t\t<\/div>\n\t\t<\/div>\n\t<\/div>\n\n \t\n\t<div class=\"ngg-album\">\n\t\t<div class=\"ngg-albumtitle\"><a href=\"https:\/\/bopoha.lt\/index.php\/ukmerges-krastas\/?album=8&amp;gallery=72\">2014 m bir\u017eelis. Bartku\u0161kio dvaras<\/a><\/div>\n\t\t\t<div class=\"ngg-albumcontent\">\n\t\t\t\t<div class=\"ngg-thumbnail\">\n\t\t\t\t\t<a href=\"https:\/\/bopoha.lt\/index.php\/ukmerges-krastas\/?album=8&amp;gallery=72\"><img decoding=\"async\" class=\"Thumb\" alt=\"2014 m bir\u017eelis. Bartku\u0161kio dvaras\" src=\"https:\/\/bopoha.lt\/wp-content\/gallery\/bartkuskio-dvaras-2014-m-birzelis\/thumbs\/thumbs_13891.jpg\"\/><\/a>\n\t\t\t\t<\/div>\n\t\t\t\t<div class=\"ngg-description\">\n\t\t\t\t<p><\/p>\n\t\t\t\t\t\t\t\t<p><strong>30<\/strong> Photos<\/p>\n\t\t\t\t\t\t\t<\/div>\n\t\t<\/div>\n\t<\/div>\n\n \t \t\n\t<!-- Pagination -->\n \t<div class=\"ngg-clear\"><\/div> \t\n<\/div>\n\n\n","protected":false},"excerpt":{"rendered":"","protected":false},"author":1,"featured_media":0,"parent":0,"menu_order":0,"comment_status":"closed","ping_status":"open","template":"","meta":{"footnotes":""},"class_list":["post-404","page","type-page","status-publish","hentry"],"_links":{"self":[{"href":"https:\/\/bopoha.lt\/index.php\/wp-json\/wp\/v2\/pages\/404","targetHints":{"allow":["GET"]}}],"collection":[{"href":"https:\/\/bopoha.lt\/index.php\/wp-json\/wp\/v2\/pages"}],"about":[{"href":"https:\/\/bopoha.lt\/index.php\/wp-json\/wp\/v2\/types\/page"}],"author":[{"embeddable":true,"href":"https:\/\/bopoha.lt\/index.php\/wp-json\/wp\/v2\/users\/1"}],"replies":[{"embeddable":true,"href":"https:\/\/bopoha.lt\/index.php\/wp-json\/wp\/v2\/comments?post=404"}],"version-history":[{"count":1,"href":"https:\/\/bopoha.lt\/index.php\/wp-json\/wp\/v2\/pages\/404\/revisions"}],"predecessor-version":[{"id":405,"href":"https:\/\/bopoha.lt\/index.php\/wp-json\/wp\/v2\/pages\/404\/revisions\/405"}],"wp:attachment":[{"href":"https:\/\/bopoha.lt\/index.php\/wp-json\/wp\/v2\/media?parent=404"}],"curies":[{"name":"wp","href":"https:\/\/api.w.org\/{rel}","templated":true}]}}