{"id":440,"date":"2014-11-01T22:23:42","date_gmt":"2014-11-01T20:23:42","guid":{"rendered":"http:\/\/bopoha.lt\/?page_id=440"},"modified":"2015-08-29T21:26:26","modified_gmt":"2015-08-29T19:26:26","slug":"neries-rp","status":"publish","type":"page","link":"https:\/\/bopoha.lt\/index.php\/neries-rp\/","title":{"rendered":"Neries RP"},"content":{"rendered":"\n<div class=\"ngg-albumoverview\">\t\n\t<!-- List of galleries -->\n\t\n\t<div class=\"ngg-album\">\n\t\t<div class=\"ngg-albumtitle\"><a href=\"https:\/\/bopoha.lt\/index.php\/neries-rp\/?album=11&amp;gallery=288\">2018 rugpj\u016btis. D\u016bk\u0161tos. B\u0117k, upeliuk!<\/a><\/div>\n\t\t\t<div class=\"ngg-albumcontent\">\n\t\t\t\t<div class=\"ngg-thumbnail\">\n\t\t\t\t\t<a href=\"https:\/\/bopoha.lt\/index.php\/neries-rp\/?album=11&amp;gallery=288\"><img decoding=\"async\" class=\"Thumb\" alt=\"2018 rugpj\u016btis. D\u016bk\u0161tos. B\u0117k, upeliuk!\" src=\"https:\/\/bopoha.lt\/wp-content\/gallery\/2018-rugpjutis-dukstos-bek-upeliuk\/thumbs\/thumbs_img_5255_1.jpg\"\/><\/a>\n\t\t\t\t<\/div>\n\t\t\t\t<div class=\"ngg-description\">\n\t\t\t\t<p><\/p>\n\t\t\t\t\t\t\t\t<p><strong>16<\/strong> Photos<\/p>\n\t\t\t\t\t\t\t<\/div>\n\t\t<\/div>\n\t<\/div>\n\n \t\n\t<div class=\"ngg-album\">\n\t\t<div class=\"ngg-albumtitle\"><a href=\"https:\/\/bopoha.lt\/index.php\/neries-rp\/?album=11&amp;gallery=117\">2015. Upelis<\/a><\/div>\n\t\t\t<div class=\"ngg-albumcontent\">\n\t\t\t\t<div class=\"ngg-thumbnail\">\n\t\t\t\t\t<a href=\"https:\/\/bopoha.lt\/index.php\/neries-rp\/?album=11&amp;gallery=117\"><img decoding=\"async\" class=\"Thumb\" alt=\"2015. Upelis\" src=\"https:\/\/bopoha.lt\/wp-content\/gallery\/2015-upelis\/thumbs\/thumbs_5295.jpg\"\/><\/a>\n\t\t\t\t<\/div>\n\t\t\t\t<div class=\"ngg-description\">\n\t\t\t\t<p><\/p>\n\t\t\t\t\t\t\t\t<p><strong>11<\/strong> Photos<\/p>\n\t\t\t\t\t\t\t<\/div>\n\t\t<\/div>\n\t<\/div>\n\n \t\n\t<div class=\"ngg-album\">\n\t\t<div class=\"ngg-albumtitle\"><a href=\"https:\/\/bopoha.lt\/index.php\/neries-rp\/?album=11&amp;gallery=126\">2015 balandis. Bra\u017euol\u0117s pil., Neries RP<\/a><\/div>\n\t\t\t<div class=\"ngg-albumcontent\">\n\t\t\t\t<div class=\"ngg-thumbnail\">\n\t\t\t\t\t<a href=\"https:\/\/bopoha.lt\/index.php\/neries-rp\/?album=11&amp;gallery=126\"><img decoding=\"async\" class=\"Thumb\" alt=\"2015 balandis. Bra\u017euol\u0117s pil., Neries RP\" src=\"https:\/\/bopoha.lt\/wp-content\/gallery\/2015-balandis-brazuoles-pil-neries-rp\/thumbs\/thumbs_6481.jpg\"\/><\/a>\n\t\t\t\t<\/div>\n\t\t\t\t<div class=\"ngg-description\">\n\t\t\t\t<p><\/p>\n\t\t\t\t\t\t\t\t<p><strong>26<\/strong> Photos<\/p>\n\t\t\t\t\t\t\t<\/div>\n\t\t<\/div>\n\t<\/div>\n\n \t\n\t<div class=\"ngg-album\">\n\t\t<div class=\"ngg-albumtitle\"><a href=\"https:\/\/bopoha.lt\/index.php\/neries-rp\/?album=11&amp;gallery=80\">2014 pavasaris. Med\u017eiai be lap\u0173 \ud83d\ude09<\/a><\/div>\n\t\t\t<div class=\"ngg-albumcontent\">\n\t\t\t\t<div class=\"ngg-thumbnail\">\n\t\t\t\t\t<a href=\"https:\/\/bopoha.lt\/index.php\/neries-rp\/?album=11&amp;gallery=80\"><img decoding=\"async\" class=\"Thumb\" alt=\"2014 pavasaris. Med\u017eiai be lap\u0173 ;-)\" src=\"https:\/\/bopoha.lt\/wp-content\/gallery\/2014-pavasaris\/thumbs\/thumbs_9544.jpg\"\/><\/a>\n\t\t\t\t<\/div>\n\t\t\t\t<div class=\"ngg-description\">\n\t\t\t\t<p>D\u016bk\u0161tos pa\u017eintinis p\u0117s\u010di\u0173j\u0173 takas, \u0105\u017euol\u0173 kalnas ir kt.<\/p>\n\t\t\t\t\t\t\t\t<p><strong>16<\/strong> Photos<\/p>\n\t\t\t\t\t\t\t<\/div>\n\t\t<\/div>\n\t<\/div>\n\n \t\n\t<div class=\"ngg-album\">\n\t\t<div class=\"ngg-albumtitle\"><a href=\"https:\/\/bopoha.lt\/index.php\/neries-rp\/?album=11&amp;gallery=75\">Neries RP, 2014 07 05<\/a><\/div>\n\t\t\t<div class=\"ngg-albumcontent\">\n\t\t\t\t<div class=\"ngg-thumbnail\">\n\t\t\t\t\t<a href=\"https:\/\/bopoha.lt\/index.php\/neries-rp\/?album=11&amp;gallery=75\"><img decoding=\"async\" class=\"Thumb\" alt=\"Neries RP, 2014 07 05\" src=\"https:\/\/bopoha.lt\/wp-content\/gallery\/neries-rp-2014-07-05\/thumbs\/thumbs_17441.jpg\"\/><\/a>\n\t\t\t\t<\/div>\n\t\t\t\t<div class=\"ngg-description\">\n\t\t\t\t<p><\/p>\n\t\t\t\t\t\t\t\t<p><strong>50<\/strong> Photos<\/p>\n\t\t\t\t\t\t\t<\/div>\n\t\t<\/div>\n\t<\/div>\n\n \t \t\n\t<!-- Pagination -->\n \t<div class=\"ngg-clear\"><\/div> \t\n<\/div>\n\n\n","protected":false},"excerpt":{"rendered":"","protected":false},"author":1,"featured_media":0,"parent":0,"menu_order":0,"comment_status":"closed","ping_status":"open","template":"","meta":{"footnotes":""},"class_list":["post-440","page","type-page","status-publish","hentry"],"_links":{"self":[{"href":"https:\/\/bopoha.lt\/index.php\/wp-json\/wp\/v2\/pages\/440","targetHints":{"allow":["GET"]}}],"collection":[{"href":"https:\/\/bopoha.lt\/index.php\/wp-json\/wp\/v2\/pages"}],"about":[{"href":"https:\/\/bopoha.lt\/index.php\/wp-json\/wp\/v2\/types\/page"}],"author":[{"embeddable":true,"href":"https:\/\/bopoha.lt\/index.php\/wp-json\/wp\/v2\/users\/1"}],"replies":[{"embeddable":true,"href":"https:\/\/bopoha.lt\/index.php\/wp-json\/wp\/v2\/comments?post=440"}],"version-history":[{"count":3,"href":"https:\/\/bopoha.lt\/index.php\/wp-json\/wp\/v2\/pages\/440\/revisions"}],"predecessor-version":[{"id":666,"href":"https:\/\/bopoha.lt\/index.php\/wp-json\/wp\/v2\/pages\/440\/revisions\/666"}],"wp:attachment":[{"href":"https:\/\/bopoha.lt\/index.php\/wp-json\/wp\/v2\/media?parent=440"}],"curies":[{"name":"wp","href":"https:\/\/api.w.org\/{rel}","templated":true}]}}