{"id":442,"date":"2014-11-01T22:29:23","date_gmt":"2014-11-01T20:29:23","guid":{"rendered":"http:\/\/bopoha.lt\/?page_id=442"},"modified":"2014-11-01T22:29:23","modified_gmt":"2014-11-01T20:29:23","slug":"vienas-kaimas-toks","status":"publish","type":"page","link":"https:\/\/bopoha.lt\/index.php\/vienas-kaimas-toks\/","title":{"rendered":"Vienas kaimas toks"},"content":{"rendered":"\n<div class=\"ngg-albumoverview\">\t\n\t<!-- List of galleries -->\n\t\n\t<div class=\"ngg-album\">\n\t\t<div class=\"ngg-albumtitle\"><a href=\"https:\/\/bopoha.lt\/index.php\/vienas-kaimas-toks\/?album=14&amp;gallery=337\">2020 rugpj\u016btis. Kaime<\/a><\/div>\n\t\t\t<div class=\"ngg-albumcontent\">\n\t\t\t\t<div class=\"ngg-thumbnail\">\n\t\t\t\t\t<a href=\"https:\/\/bopoha.lt\/index.php\/vienas-kaimas-toks\/?album=14&amp;gallery=337\"><img decoding=\"async\" class=\"Thumb\" alt=\"2020 rugpj\u016btis. Kaime\" src=\"https:\/\/bopoha.lt\/wp-content\/gallery\/2020-rugpjutis-kaime\/thumbs\/thumbs_mg_7656_1.jpg\"\/><\/a>\n\t\t\t\t<\/div>\n\t\t\t\t<div class=\"ngg-description\">\n\t\t\t\t<p><\/p>\n\t\t\t\t\t\t\t\t<p><strong>7<\/strong> Photos<\/p>\n\t\t\t\t\t\t\t<\/div>\n\t\t<\/div>\n\t<\/div>\n\n \t\n\t<div class=\"ngg-album\">\n\t\t<div class=\"ngg-albumtitle\"><a href=\"https:\/\/bopoha.lt\/index.php\/vienas-kaimas-toks\/?album=14&amp;gallery=306\">2019 balandis. Gyvul\u0117liai<\/a><\/div>\n\t\t\t<div class=\"ngg-albumcontent\">\n\t\t\t\t<div class=\"ngg-thumbnail\">\n\t\t\t\t\t<a href=\"https:\/\/bopoha.lt\/index.php\/vienas-kaimas-toks\/?album=14&amp;gallery=306\"><img decoding=\"async\" class=\"Thumb\" alt=\"2019 balandis. Gyvul\u0117liai\" src=\"https:\/\/bopoha.lt\/wp-content\/gallery\/2019-balandis-gyvuleliai\/thumbs\/thumbs_img_0894.jpg\"\/><\/a>\n\t\t\t\t<\/div>\n\t\t\t\t<div class=\"ngg-description\">\n\t\t\t\t<p><\/p>\n\t\t\t\t\t\t\t\t<p><strong>25<\/strong> Photos<\/p>\n\t\t\t\t\t\t\t<\/div>\n\t\t<\/div>\n\t<\/div>\n\n \t\n\t<div class=\"ngg-album\">\n\t\t<div class=\"ngg-albumtitle\"><a href=\"https:\/\/bopoha.lt\/index.php\/vienas-kaimas-toks\/?album=14&amp;gallery=305\">2019 pavasaris. Kaimo gyvul\u0117liai<\/a><\/div>\n\t\t\t<div class=\"ngg-albumcontent\">\n\t\t\t\t<div class=\"ngg-thumbnail\">\n\t\t\t\t\t<a href=\"https:\/\/bopoha.lt\/index.php\/vienas-kaimas-toks\/?album=14&amp;gallery=305\"><img decoding=\"async\" class=\"Thumb\" alt=\"2019 pavasaris. Kaimo gyvul\u0117liai\" src=\"https:\/\/bopoha.lt\/wp-content\/gallery\/2019-pavasaris-kaimo-gyvuleliai\/thumbs\/thumbs_dsc_0473.jpg\"\/><\/a>\n\t\t\t\t<\/div>\n\t\t\t\t<div class=\"ngg-description\">\n\t\t\t\t<p><\/p>\n\t\t\t\t\t\t\t\t<p><strong>21<\/strong> Photos<\/p>\n\t\t\t\t\t\t\t<\/div>\n\t\t<\/div>\n\t<\/div>\n\n \t\n\t<div class=\"ngg-album\">\n\t\t<div class=\"ngg-albumtitle\"><a href=\"https:\/\/bopoha.lt\/index.php\/vienas-kaimas-toks\/?album=14&amp;gallery=285\">2018 rugs\u0117jis. T\u0117vi\u0161k\u0117l\u0117<\/a><\/div>\n\t\t\t<div class=\"ngg-albumcontent\">\n\t\t\t\t<div class=\"ngg-thumbnail\">\n\t\t\t\t\t<a href=\"https:\/\/bopoha.lt\/index.php\/vienas-kaimas-toks\/?album=14&amp;gallery=285\"><img decoding=\"async\" class=\"Thumb\" alt=\"2018 rugs\u0117jis. T\u0117vi\u0161k\u0117l\u0117\" src=\"https:\/\/bopoha.lt\/wp-content\/gallery\/2018-rugsejis-teviskele\/thumbs\/thumbs_dji_0256.jpg\"\/><\/a>\n\t\t\t\t<\/div>\n\t\t\t\t<div class=\"ngg-description\">\n\t\t\t\t<p><\/p>\n\t\t\t\t\t\t\t\t<p><strong>9<\/strong> Photos<\/p>\n\t\t\t\t\t\t\t<\/div>\n\t\t<\/div>\n\t<\/div>\n\n \t\n\t<div class=\"ngg-album\">\n\t\t<div class=\"ngg-albumtitle\"><a href=\"https:\/\/bopoha.lt\/index.php\/vienas-kaimas-toks\/?album=14&amp;gallery=286\">2018 rugs\u0117jis. Katulis<\/a><\/div>\n\t\t\t<div class=\"ngg-albumcontent\">\n\t\t\t\t<div class=\"ngg-thumbnail\">\n\t\t\t\t\t<a href=\"https:\/\/bopoha.lt\/index.php\/vienas-kaimas-toks\/?album=14&amp;gallery=286\"><img decoding=\"async\" class=\"Thumb\" alt=\"2018 rugs\u0117jis. Katulis\" src=\"https:\/\/bopoha.lt\/wp-content\/gallery\/katulis\/thumbs\/thumbs_img_7340.jpg\"\/><\/a>\n\t\t\t\t<\/div>\n\t\t\t\t<div class=\"ngg-description\">\n\t\t\t\t<p><\/p>\n\t\t\t\t\t\t\t\t<p><strong>10<\/strong> Photos<\/p>\n\t\t\t\t\t\t\t<\/div>\n\t\t<\/div>\n\t<\/div>\n\n \t\n\t<div class=\"ngg-album\">\n\t\t<div class=\"ngg-albumtitle\"><a href=\"https:\/\/bopoha.lt\/index.php\/vienas-kaimas-toks\/?album=14&amp;gallery=287\">2018 rugs\u0117jis. Antan\u0117lis<\/a><\/div>\n\t\t\t<div class=\"ngg-albumcontent\">\n\t\t\t\t<div class=\"ngg-thumbnail\">\n\t\t\t\t\t<a href=\"https:\/\/bopoha.lt\/index.php\/vienas-kaimas-toks\/?album=14&amp;gallery=287\"><img decoding=\"async\" class=\"Thumb\" alt=\"2018 rugs\u0117jis. Antan\u0117lis\" src=\"https:\/\/bopoha.lt\/wp-content\/gallery\/2018-rugsejis-antanelis\/thumbs\/thumbs_img_7245.jpg\"\/><\/a>\n\t\t\t\t<\/div>\n\t\t\t\t<div class=\"ngg-description\">\n\t\t\t\t<p><\/p>\n\t\t\t\t\t\t\t\t<p><strong>9<\/strong> Photos<\/p>\n\t\t\t\t\t\t\t<\/div>\n\t\t<\/div>\n\t<\/div>\n\n \t\n\t<div class=\"ngg-album\">\n\t\t<div class=\"ngg-albumtitle\"><a href=\"https:\/\/bopoha.lt\/index.php\/vienas-kaimas-toks\/?album=14&amp;gallery=275\">2018 bir\u017eelis. Sodo g\u0117l\u0117s<\/a><\/div>\n\t\t\t<div class=\"ngg-albumcontent\">\n\t\t\t\t<div class=\"ngg-thumbnail\">\n\t\t\t\t\t<a href=\"https:\/\/bopoha.lt\/index.php\/vienas-kaimas-toks\/?album=14&amp;gallery=275\"><img decoding=\"async\" class=\"Thumb\" alt=\"2018 bir\u017eelis. Sodo g\u0117l\u0117s\" src=\"https:\/\/bopoha.lt\/wp-content\/gallery\/2018-birzelis-sodo-geles\/thumbs\/thumbs_img_3811.jpg\"\/><\/a>\n\t\t\t\t<\/div>\n\t\t\t\t<div class=\"ngg-description\">\n\t\t\t\t<p><\/p>\n\t\t\t\t\t\t\t\t<p><strong>3<\/strong> Photos<\/p>\n\t\t\t\t\t\t\t<\/div>\n\t\t<\/div>\n\t<\/div>\n\n \t\n\t<div class=\"ngg-album\">\n\t\t<div class=\"ngg-albumtitle\"><a href=\"https:\/\/bopoha.lt\/index.php\/vienas-kaimas-toks\/?album=14&amp;gallery=272\">2018 gegu\u017e\u0117 - bir\u017eelis. Ant ma\u017eo kalnelio<\/a><\/div>\n\t\t\t<div class=\"ngg-albumcontent\">\n\t\t\t\t<div class=\"ngg-thumbnail\">\n\t\t\t\t\t<a href=\"https:\/\/bopoha.lt\/index.php\/vienas-kaimas-toks\/?album=14&amp;gallery=272\"><img decoding=\"async\" class=\"Thumb\" alt=\"2018 gegu\u017e\u0117 - bir\u017eelis. Ant ma\u017eo kalnelio\" src=\"https:\/\/bopoha.lt\/wp-content\/gallery\/2018-geguze-birzelis-ant-mazo-kalnelio\/thumbs\/thumbs_img_3327.jpg\"\/><\/a>\n\t\t\t\t<\/div>\n\t\t\t\t<div class=\"ngg-description\">\n\t\t\t\t<p><\/p>\n\t\t\t\t\t\t\t\t<p><strong>7<\/strong> Photos<\/p>\n\t\t\t\t\t\t\t<\/div>\n\t\t<\/div>\n\t<\/div>\n\n \t\n\t<div class=\"ngg-album\">\n\t\t<div class=\"ngg-albumtitle\"><a href=\"https:\/\/bopoha.lt\/index.php\/vienas-kaimas-toks\/?album=14&amp;gallery=271\">2018 gegu\u017e\u0117. Gyv\u016bnai<\/a><\/div>\n\t\t\t<div class=\"ngg-albumcontent\">\n\t\t\t\t<div class=\"ngg-thumbnail\">\n\t\t\t\t\t<a href=\"https:\/\/bopoha.lt\/index.php\/vienas-kaimas-toks\/?album=14&amp;gallery=271\"><img decoding=\"async\" class=\"Thumb\" alt=\"2018 gegu\u017e\u0117. Gyv\u016bnai\" src=\"https:\/\/bopoha.lt\/wp-content\/gallery\/2018-geguze-gyvunai\/thumbs\/thumbs_img_3058.jpg\"\/><\/a>\n\t\t\t\t<\/div>\n\t\t\t\t<div class=\"ngg-description\">\n\t\t\t\t<p><\/p>\n\t\t\t\t\t\t\t\t<p><strong>3<\/strong> Photos<\/p>\n\t\t\t\t\t\t\t<\/div>\n\t\t<\/div>\n\t<\/div>\n\n \t\n\t<div class=\"ngg-album\">\n\t\t<div class=\"ngg-albumtitle\"><a href=\"https:\/\/bopoha.lt\/index.php\/vienas-kaimas-toks\/?album=14&amp;gallery=258\">2017 rugpj\u016btis. Smulkmenos<\/a><\/div>\n\t\t\t<div class=\"ngg-albumcontent\">\n\t\t\t\t<div class=\"ngg-thumbnail\">\n\t\t\t\t\t<a href=\"https:\/\/bopoha.lt\/index.php\/vienas-kaimas-toks\/?album=14&amp;gallery=258\"><img decoding=\"async\" class=\"Thumb\" alt=\"2017 rugpj\u016btis. Smulkmenos\" src=\"https:\/\/bopoha.lt\/wp-content\/gallery\/2017-rugpjutis-smulkmenos\/thumbs\/thumbs_img_8683.jpg\"\/><\/a>\n\t\t\t\t<\/div>\n\t\t\t\t<div class=\"ngg-description\">\n\t\t\t\t<p><\/p>\n\t\t\t\t\t\t\t\t<p><strong>5<\/strong> Photos<\/p>\n\t\t\t\t\t\t\t<\/div>\n\t\t<\/div>\n\t<\/div>\n\n \t\n\t<div class=\"ngg-album\">\n\t\t<div class=\"ngg-albumtitle\"><a href=\"https:\/\/bopoha.lt\/index.php\/vienas-kaimas-toks\/?album=14&amp;gallery=252\">2017 balandis. Saul\u0117tas savaitgalis<\/a><\/div>\n\t\t\t<div class=\"ngg-albumcontent\">\n\t\t\t\t<div class=\"ngg-thumbnail\">\n\t\t\t\t\t<a href=\"https:\/\/bopoha.lt\/index.php\/vienas-kaimas-toks\/?album=14&amp;gallery=252\"><img decoding=\"async\" class=\"Thumb\" alt=\"2017 balandis. Saul\u0117tas savaitgalis\" src=\"https:\/\/bopoha.lt\/wp-content\/gallery\/2017-balandis-sauletas-savaitgalis\/thumbs\/thumbs_img_6215.jpg\"\/><\/a>\n\t\t\t\t<\/div>\n\t\t\t\t<div class=\"ngg-description\">\n\t\t\t\t<p><\/p>\n\t\t\t\t\t\t\t\t<p><strong>24<\/strong> Photos<\/p>\n\t\t\t\t\t\t\t<\/div>\n\t\t<\/div>\n\t<\/div>\n\n \t\n\t<div class=\"ngg-album\">\n\t\t<div class=\"ngg-albumtitle\"><a href=\"https:\/\/bopoha.lt\/index.php\/vienas-kaimas-toks\/?album=14&amp;gallery=238\">2016 gruodis. Tarpu\u0161ven\u010dio spalvos<\/a><\/div>\n\t\t\t<div class=\"ngg-albumcontent\">\n\t\t\t\t<div class=\"ngg-thumbnail\">\n\t\t\t\t\t<a href=\"https:\/\/bopoha.lt\/index.php\/vienas-kaimas-toks\/?album=14&amp;gallery=238\"><img decoding=\"async\" class=\"Thumb\" alt=\"2016 gruodis. Tarpu\u0161ven\u010dio spalvos\" src=\"https:\/\/bopoha.lt\/wp-content\/gallery\/2016-gruodis-tarpusvencio-spalvos\/thumbs\/thumbs_img_1587.jpg\"\/><\/a>\n\t\t\t\t<\/div>\n\t\t\t\t<div class=\"ngg-description\">\n\t\t\t\t<p><\/p>\n\t\t\t\t\t\t\t\t<p><strong>71<\/strong> Photos<\/p>\n\t\t\t\t\t\t\t<\/div>\n\t\t<\/div>\n\t<\/div>\n\n \t\n\t<div class=\"ngg-album\">\n\t\t<div class=\"ngg-albumtitle\"><a href=\"https:\/\/bopoha.lt\/index.php\/vienas-kaimas-toks\/?album=14&amp;gallery=227\">2016 liepa. Kukutis. Valio!<\/a><\/div>\n\t\t\t<div class=\"ngg-albumcontent\">\n\t\t\t\t<div class=\"ngg-thumbnail\">\n\t\t\t\t\t<a href=\"https:\/\/bopoha.lt\/index.php\/vienas-kaimas-toks\/?album=14&amp;gallery=227\"><img decoding=\"async\" class=\"Thumb\" alt=\"2016 liepa. Kukutis. Valio!\" src=\"https:\/\/bopoha.lt\/wp-content\/gallery\/2016-liepa-kukutis-valio\/thumbs\/thumbs_5981.jpg\"\/><\/a>\n\t\t\t\t<\/div>\n\t\t\t\t<div class=\"ngg-description\">\n\t\t\t\t<p><\/p>\n\t\t\t\t\t\t\t\t<p><strong>28<\/strong> Photos<\/p>\n\t\t\t\t\t\t\t<\/div>\n\t\t<\/div>\n\t<\/div>\n\n \t\n\t<div class=\"ngg-album\">\n\t\t<div class=\"ngg-albumtitle\"><a href=\"https:\/\/bopoha.lt\/index.php\/vienas-kaimas-toks\/?album=14&amp;gallery=213\">2016 bir\u017eelis. Trumpi \u012fsp\u016bd\u017eiai<\/a><\/div>\n\t\t\t<div class=\"ngg-albumcontent\">\n\t\t\t\t<div class=\"ngg-thumbnail\">\n\t\t\t\t\t<a href=\"https:\/\/bopoha.lt\/index.php\/vienas-kaimas-toks\/?album=14&amp;gallery=213\"><img decoding=\"async\" class=\"Thumb\" alt=\"2016 bir\u017eelis. Trumpi \u012fsp\u016bd\u017eiai\" src=\"https:\/\/bopoha.lt\/wp-content\/gallery\/2016-birzelis-trumpi-ispudziai\/thumbs\/thumbs_4517.jpg\"\/><\/a>\n\t\t\t\t<\/div>\n\t\t\t\t<div class=\"ngg-description\">\n\t\t\t\t<p><\/p>\n\t\t\t\t\t\t\t\t<p><strong>15<\/strong> Photos<\/p>\n\t\t\t\t\t\t\t<\/div>\n\t\t<\/div>\n\t<\/div>\n\n \t\n\t<div class=\"ngg-album\">\n\t\t<div class=\"ngg-albumtitle\"><a href=\"https:\/\/bopoha.lt\/index.php\/vienas-kaimas-toks\/?album=14&amp;gallery=211\">2016 gegu\u017e\u0117. Kaime \u017eiedams besiskleid\u017eiant<\/a><\/div>\n\t\t\t<div class=\"ngg-albumcontent\">\n\t\t\t\t<div class=\"ngg-thumbnail\">\n\t\t\t\t\t<a href=\"https:\/\/bopoha.lt\/index.php\/vienas-kaimas-toks\/?album=14&amp;gallery=211\"><img decoding=\"async\" class=\"Thumb\" alt=\"2016 gegu\u017e\u0117. Kaime \u017eiedams besiskleid\u017eiant\" src=\"https:\/\/bopoha.lt\/wp-content\/gallery\/2016-geguze-kaime-ziedams-besiskleidziant\/thumbs\/thumbs_2124.jpg\"\/><\/a>\n\t\t\t\t<\/div>\n\t\t\t\t<div class=\"ngg-description\">\n\t\t\t\t<p><\/p>\n\t\t\t\t\t\t\t\t<p><strong>54<\/strong> Photos<\/p>\n\t\t\t\t\t\t\t<\/div>\n\t\t<\/div>\n\t<\/div>\n\n \t\n\t<div class=\"ngg-album\">\n\t\t<div class=\"ngg-albumtitle\"><a href=\"https:\/\/bopoha.lt\/index.php\/vienas-kaimas-toks\/?album=14&amp;gallery=191\">2015 gruodis. Ap\u0161vietimas<\/a><\/div>\n\t\t\t<div class=\"ngg-albumcontent\">\n\t\t\t\t<div class=\"ngg-thumbnail\">\n\t\t\t\t\t<a href=\"https:\/\/bopoha.lt\/index.php\/vienas-kaimas-toks\/?album=14&amp;gallery=191\"><img decoding=\"async\" class=\"Thumb\" alt=\"2015 gruodis. Ap\u0161vietimas\" src=\"https:\/\/bopoha.lt\/wp-content\/gallery\/2015-gruodis-apsvietimas\/thumbs\/thumbs_7996.jpg\"\/><\/a>\n\t\t\t\t<\/div>\n\t\t\t\t<div class=\"ngg-description\">\n\t\t\t\t<p>Kal\u0117din\u0117 \u0161viesa <\/p>\n\t\t\t\t\t\t\t\t<p><strong>22<\/strong> Photos<\/p>\n\t\t\t\t\t\t\t<\/div>\n\t\t<\/div>\n\t<\/div>\n\n \t\n\t<div class=\"ngg-album\">\n\t\t<div class=\"ngg-albumtitle\"><a href=\"https:\/\/bopoha.lt\/index.php\/vienas-kaimas-toks\/?album=14&amp;gallery=184\">Bu\u010dkis!<\/a><\/div>\n\t\t\t<div class=\"ngg-albumcontent\">\n\t\t\t\t<div class=\"ngg-thumbnail\">\n\t\t\t\t\t<a href=\"https:\/\/bopoha.lt\/index.php\/vienas-kaimas-toks\/?album=14&amp;gallery=184\"><img decoding=\"async\" class=\"Thumb\" alt=\"Bu\u010dkis!\" src=\"https:\/\/bopoha.lt\/wp-content\/gallery\/buckis\/thumbs\/thumbs_6164.jpg\"\/><\/a>\n\t\t\t\t<\/div>\n\t\t\t\t<div class=\"ngg-description\">\n\t\t\t\t<p><\/p>\n\t\t\t\t\t\t\t\t<p><strong>4<\/strong> Photos<\/p>\n\t\t\t\t\t\t\t<\/div>\n\t\t<\/div>\n\t<\/div>\n\n \t\n\t<div class=\"ngg-album\">\n\t\t<div class=\"ngg-albumtitle\"><a href=\"https:\/\/bopoha.lt\/index.php\/vienas-kaimas-toks\/?album=14&amp;gallery=156\">2015 liepa. Draugo portretai. Nerimtai<\/a><\/div>\n\t\t\t<div class=\"ngg-albumcontent\">\n\t\t\t\t<div class=\"ngg-thumbnail\">\n\t\t\t\t\t<a href=\"https:\/\/bopoha.lt\/index.php\/vienas-kaimas-toks\/?album=14&amp;gallery=156\"><img decoding=\"async\" class=\"Thumb\" alt=\"2015 liepa. Draugo portretai. Nerimtai\" src=\"https:\/\/bopoha.lt\/wp-content\/gallery\/2015-liepa-draugo-portretai-nerimtai\/thumbs\/thumbs_1384.jpg\"\/><\/a>\n\t\t\t\t<\/div>\n\t\t\t\t<div class=\"ngg-description\">\n\t\t\t\t<p><\/p>\n\t\t\t\t\t\t\t\t<p><strong>9<\/strong> Photos<\/p>\n\t\t\t\t\t\t\t<\/div>\n\t\t<\/div>\n\t<\/div>\n\n \t\n\t<div class=\"ngg-album\">\n\t\t<div class=\"ngg-albumtitle\"><a href=\"https:\/\/bopoha.lt\/index.php\/vienas-kaimas-toks\/?album=14&amp;gallery=157\">2015 liepa. \u012esp\u016bd\u017eiai<\/a><\/div>\n\t\t\t<div class=\"ngg-albumcontent\">\n\t\t\t\t<div class=\"ngg-thumbnail\">\n\t\t\t\t\t<a href=\"https:\/\/bopoha.lt\/index.php\/vienas-kaimas-toks\/?album=14&amp;gallery=157\"><img decoding=\"async\" class=\"Thumb\" alt=\"2015 liepa. \u012esp\u016bd\u017eiai\" src=\"https:\/\/bopoha.lt\/wp-content\/gallery\/2015-liepa-ispudziai\/thumbs\/thumbs_1394.jpg\"\/><\/a>\n\t\t\t\t<\/div>\n\t\t\t\t<div class=\"ngg-description\">\n\t\t\t\t<p><\/p>\n\t\t\t\t\t\t\t\t<p><strong>29<\/strong> Photos<\/p>\n\t\t\t\t\t\t\t<\/div>\n\t\t<\/div>\n\t<\/div>\n\n \t\n\t<div class=\"ngg-album\">\n\t\t<div class=\"ngg-albumtitle\"><a href=\"https:\/\/bopoha.lt\/index.php\/vienas-kaimas-toks\/?album=14&amp;gallery=142\">2015 bir\u017eelis. Raudona savaitgalio pabaiga<\/a><\/div>\n\t\t\t<div class=\"ngg-albumcontent\">\n\t\t\t\t<div class=\"ngg-thumbnail\">\n\t\t\t\t\t<a href=\"https:\/\/bopoha.lt\/index.php\/vienas-kaimas-toks\/?album=14&amp;gallery=142\"><img decoding=\"async\" class=\"Thumb\" alt=\"2015 bir\u017eelis. Raudona savaitgalio pabaiga\" src=\"https:\/\/bopoha.lt\/wp-content\/gallery\/2015-birzelis-raudona-savaitgalio-pabaiga\/thumbs\/thumbs_8854.jpg\"\/><\/a>\n\t\t\t\t<\/div>\n\t\t\t\t<div class=\"ngg-description\">\n\t\t\t\t<p>To\u0161inuk\u0117, aguonos<\/p>\n\t\t\t\t\t\t\t\t<p><strong>11<\/strong> Photos<\/p>\n\t\t\t\t\t\t\t<\/div>\n\t\t<\/div>\n\t<\/div>\n\n \t\n\t<div class=\"ngg-album\">\n\t\t<div class=\"ngg-albumtitle\"><a href=\"https:\/\/bopoha.lt\/index.php\/vienas-kaimas-toks\/?album=14&amp;gallery=129\">\u201eEugenijau\u2026 Mes va\u017eiuojam 2015\u201c, Pasvalys<\/a><\/div>\n\t\t\t<div class=\"ngg-albumcontent\">\n\t\t\t\t<div class=\"ngg-thumbnail\">\n\t\t\t\t\t<a href=\"https:\/\/bopoha.lt\/index.php\/vienas-kaimas-toks\/?album=14&amp;gallery=129\"><img decoding=\"async\" class=\"Thumb\" alt=\"\u201eEugenijau\u2026 Mes va\u017eiuojam 2015\u201c, Pasvalys\" src=\"https:\/\/bopoha.lt\/wp-content\/gallery\/eugenijau-mes-vaziuojam-2015-pasvalys\/thumbs\/thumbs_6999.jpg\"\/><\/a>\n\t\t\t\t<\/div>\n\t\t\t\t<div class=\"ngg-description\">\n\t\t\t\t<p><\/p>\n\t\t\t\t\t\t\t\t<p><strong>188<\/strong> Photos<\/p>\n\t\t\t\t\t\t\t<\/div>\n\t\t<\/div>\n\t<\/div>\n\n \t\n\t<div class=\"ngg-album\">\n\t\t<div class=\"ngg-albumtitle\"><a href=\"https:\/\/bopoha.lt\/index.php\/vienas-kaimas-toks\/?album=14&amp;gallery=128\">2015 gegu\u017e\u0117. Kaimynai, nugyventa.<\/a><\/div>\n\t\t\t<div class=\"ngg-albumcontent\">\n\t\t\t\t<div class=\"ngg-thumbnail\">\n\t\t\t\t\t<a href=\"https:\/\/bopoha.lt\/index.php\/vienas-kaimas-toks\/?album=14&amp;gallery=128\"><img decoding=\"async\" class=\"Thumb\" alt=\"2015 gegu\u017e\u0117. Kaimynai, nugyventa.\" src=\"https:\/\/bopoha.lt\/wp-content\/gallery\/2015-geguze-kaimynai-nugyventa\/thumbs\/thumbs_7116.jpg\"\/><\/a>\n\t\t\t\t<\/div>\n\t\t\t\t<div class=\"ngg-description\">\n\t\t\t\t<p><\/p>\n\t\t\t\t\t\t\t\t<p><strong>32<\/strong> Photos<\/p>\n\t\t\t\t\t\t\t<\/div>\n\t\t<\/div>\n\t<\/div>\n\n \t\n\t<div class=\"ngg-album\">\n\t\t<div class=\"ngg-albumtitle\"><a href=\"https:\/\/bopoha.lt\/index.php\/vienas-kaimas-toks\/?album=14&amp;gallery=112\">Met\u0173 pabaiga. 2014<\/a><\/div>\n\t\t\t<div class=\"ngg-albumcontent\">\n\t\t\t\t<div class=\"ngg-thumbnail\">\n\t\t\t\t\t<a href=\"https:\/\/bopoha.lt\/index.php\/vienas-kaimas-toks\/?album=14&amp;gallery=112\"><img decoding=\"async\" class=\"Thumb\" alt=\"Met\u0173 pabaiga. 2014\" src=\"https:\/\/bopoha.lt\/wp-content\/gallery\/metu-pabaiga-2014\/thumbs\/thumbs_4842.jpg\"\/><\/a>\n\t\t\t\t<\/div>\n\t\t\t\t<div class=\"ngg-description\">\n\t\t\t\t<p><\/p>\n\t\t\t\t\t\t\t\t<p><strong>21<\/strong> Photos<\/p>\n\t\t\t\t\t\t\t<\/div>\n\t\t<\/div>\n\t<\/div>\n\n \t\n\t<div class=\"ngg-album\">\n\t\t<div class=\"ngg-albumtitle\"><a href=\"https:\/\/bopoha.lt\/index.php\/vienas-kaimas-toks\/?album=14&amp;gallery=103\">2014, ruduo. Saul\u0117lydis kaime<\/a><\/div>\n\t\t\t<div class=\"ngg-albumcontent\">\n\t\t\t\t<div class=\"ngg-thumbnail\">\n\t\t\t\t\t<a href=\"https:\/\/bopoha.lt\/index.php\/vienas-kaimas-toks\/?album=14&amp;gallery=103\"><img decoding=\"async\" class=\"Thumb\" alt=\"2014, ruduo. Saul\u0117lydis kaime\" src=\"https:\/\/bopoha.lt\/wp-content\/gallery\/2014-ruduo-saulelydis-kaime\/thumbs\/thumbs_4036.jpg\"\/><\/a>\n\t\t\t\t<\/div>\n\t\t\t\t<div class=\"ngg-description\">\n\t\t\t\t<p><\/p>\n\t\t\t\t\t\t\t\t<p><strong>9<\/strong> Photos<\/p>\n\t\t\t\t\t\t\t<\/div>\n\t\t<\/div>\n\t<\/div>\n\n \t\n\t<div class=\"ngg-album\">\n\t\t<div class=\"ngg-albumtitle\"><a href=\"https:\/\/bopoha.lt\/index.php\/vienas-kaimas-toks\/?album=14&amp;gallery=95\">2014, ruduo. Gerv\u0117s i\u0161skrenda<\/a><\/div>\n\t\t\t<div class=\"ngg-albumcontent\">\n\t\t\t\t<div class=\"ngg-thumbnail\">\n\t\t\t\t\t<a href=\"https:\/\/bopoha.lt\/index.php\/vienas-kaimas-toks\/?album=14&amp;gallery=95\"><img decoding=\"async\" class=\"Thumb\" alt=\"2014, ruduo. Gerv\u0117s i\u0161skrenda\" src=\"https:\/\/bopoha.lt\/wp-content\/gallery\/2014-ruduo-gerves-isskrenda\/thumbs\/thumbs_3113.jpg\"\/><\/a>\n\t\t\t\t<\/div>\n\t\t\t\t<div class=\"ngg-description\">\n\t\t\t\t<p><\/p>\n\t\t\t\t\t\t\t\t<p><strong>5<\/strong> Photos<\/p>\n\t\t\t\t\t\t\t<\/div>\n\t\t<\/div>\n\t<\/div>\n\n \t\n\t<div class=\"ngg-album\">\n\t\t<div class=\"ngg-albumtitle\"><a href=\"https:\/\/bopoha.lt\/index.php\/vienas-kaimas-toks\/?album=14&amp;gallery=39\">\u0160viesa ir technika<\/a><\/div>\n\t\t\t<div class=\"ngg-albumcontent\">\n\t\t\t\t<div class=\"ngg-thumbnail\">\n\t\t\t\t\t<a href=\"https:\/\/bopoha.lt\/index.php\/vienas-kaimas-toks\/?album=14&amp;gallery=39\"><img decoding=\"async\" class=\"Thumb\" alt=\"\u0160viesa ir technika\" src=\"https:\/\/bopoha.lt\/wp-content\/gallery\/sviesa-ir-technika\/thumbs\/thumbs_4846.jpg\"\/><\/a>\n\t\t\t\t<\/div>\n\t\t\t\t<div class=\"ngg-description\">\n\t\t\t\t<p><\/p>\n\t\t\t\t\t\t\t\t<p><strong>3<\/strong> Photos<\/p>\n\t\t\t\t\t\t\t<\/div>\n\t\t<\/div>\n\t<\/div>\n\n \t\n\t<div class=\"ngg-album\">\n\t\t<div class=\"ngg-albumtitle\"><a href=\"https:\/\/bopoha.lt\/index.php\/vienas-kaimas-toks\/?album=14&amp;gallery=24\">Med\u017eiai<\/a><\/div>\n\t\t\t<div class=\"ngg-albumcontent\">\n\t\t\t\t<div class=\"ngg-thumbnail\">\n\t\t\t\t\t<a href=\"https:\/\/bopoha.lt\/index.php\/vienas-kaimas-toks\/?album=14&amp;gallery=24\"><img decoding=\"async\" class=\"Thumb\" alt=\"Med\u017eiai\" src=\"https:\/\/bopoha.lt\/wp-content\/gallery\/medziai\/thumbs\/thumbs_0180.jpg\"\/><\/a>\n\t\t\t\t<\/div>\n\t\t\t\t<div class=\"ngg-description\">\n\t\t\t\t<p><\/p>\n\t\t\t\t\t\t\t\t<p><strong>3<\/strong> Photos<\/p>\n\t\t\t\t\t\t\t<\/div>\n\t\t<\/div>\n\t<\/div>\n\n \t \t\n\t<!-- Pagination -->\n \t<div class=\"ngg-clear\"><\/div> \t\n<\/div>\n\n\n","protected":false},"excerpt":{"rendered":"","protected":false},"author":1,"featured_media":0,"parent":0,"menu_order":0,"comment_status":"closed","ping_status":"open","template":"","meta":{"footnotes":""},"class_list":["post-442","page","type-page","status-publish","hentry"],"_links":{"self":[{"href":"https:\/\/bopoha.lt\/index.php\/wp-json\/wp\/v2\/pages\/442","targetHints":{"allow":["GET"]}}],"collection":[{"href":"https:\/\/bopoha.lt\/index.php\/wp-json\/wp\/v2\/pages"}],"about":[{"href":"https:\/\/bopoha.lt\/index.php\/wp-json\/wp\/v2\/types\/page"}],"author":[{"embeddable":true,"href":"https:\/\/bopoha.lt\/index.php\/wp-json\/wp\/v2\/users\/1"}],"replies":[{"embeddable":true,"href":"https:\/\/bopoha.lt\/index.php\/wp-json\/wp\/v2\/comments?post=442"}],"version-history":[{"count":1,"href":"https:\/\/bopoha.lt\/index.php\/wp-json\/wp\/v2\/pages\/442\/revisions"}],"predecessor-version":[{"id":443,"href":"https:\/\/bopoha.lt\/index.php\/wp-json\/wp\/v2\/pages\/442\/revisions\/443"}],"wp:attachment":[{"href":"https:\/\/bopoha.lt\/index.php\/wp-json\/wp\/v2\/media?parent=442"}],"curies":[{"name":"wp","href":"https:\/\/api.w.org\/{rel}","templated":true}]}}