{"id":599,"date":"2015-07-06T12:41:43","date_gmt":"2015-07-06T10:41:43","guid":{"rendered":"http:\/\/bopoha.lt\/?page_id=599"},"modified":"2015-07-06T14:27:59","modified_gmt":"2015-07-06T12:27:59","slug":"dzukija","status":"publish","type":"page","link":"https:\/\/bopoha.lt\/index.php\/dzukija\/","title":{"rendered":"Dz\u016bkija"},"content":{"rendered":"\n<div class=\"ngg-albumoverview\">\t\n\t<!-- List of galleries -->\n\t\n\t<div class=\"ngg-album\">\n\t\t<div class=\"ngg-albumtitle\"><a href=\"https:\/\/bopoha.lt\/index.php\/dzukija\/?album=16&amp;gallery=303\">2019 balandis. Nemuno kilpoj pavasaris nedr\u0105sus<\/a><\/div>\n\t\t\t<div class=\"ngg-albumcontent\">\n\t\t\t\t<div class=\"ngg-thumbnail\">\n\t\t\t\t\t<a href=\"https:\/\/bopoha.lt\/index.php\/dzukija\/?album=16&amp;gallery=303\"><img decoding=\"async\" class=\"Thumb\" alt=\"2019 balandis. Nemuno kilpoj pavasaris nedr\u0105sus\" src=\"https:\/\/bopoha.lt\/wp-content\/gallery\/2019-balandis-nemuno-kilpoj-pavasaris-nedrasus\/thumbs\/thumbs_img_0140_1.jpg\"\/><\/a>\n\t\t\t\t<\/div>\n\t\t\t\t<div class=\"ngg-description\">\n\t\t\t\t<p>Punios \u0161ilas<\/p>\n\t\t\t\t\t\t\t\t<p><strong>16<\/strong> Photos<\/p>\n\t\t\t\t\t\t\t<\/div>\n\t\t<\/div>\n\t<\/div>\n\n \t\n\t<div class=\"ngg-album\">\n\t\t<div class=\"ngg-albumtitle\"><a href=\"https:\/\/bopoha.lt\/index.php\/dzukija\/?album=16&amp;gallery=241\">2016 rugpj\u016btis - rugs\u0117jis. R\u016bdninkai ir kt.<\/a><\/div>\n\t\t\t<div class=\"ngg-albumcontent\">\n\t\t\t\t<div class=\"ngg-thumbnail\">\n\t\t\t\t\t<a href=\"https:\/\/bopoha.lt\/index.php\/dzukija\/?album=16&amp;gallery=241\"><img decoding=\"async\" class=\"Thumb\" alt=\"2016 rugpj\u016btis - rugs\u0117jis. R\u016bdninkai ir kt.\" src=\"https:\/\/bopoha.lt\/wp-content\/gallery\/2016-rugpjutis-rugsejis-rudninkai-ir-kt\/thumbs\/thumbs_img_9011.jpg\"\/><\/a>\n\t\t\t\t<\/div>\n\t\t\t\t<div class=\"ngg-description\">\n\t\t\t\t<p><\/p>\n\t\t\t\t\t\t\t\t<p><strong>40<\/strong> Photos<\/p>\n\t\t\t\t\t\t\t<\/div>\n\t\t<\/div>\n\t<\/div>\n\n \t\n\t<div class=\"ngg-album\">\n\t\t<div class=\"ngg-albumtitle\"><a href=\"https:\/\/bopoha.lt\/index.php\/dzukija\/?album=16&amp;gallery=225\">2016 liepa. Dz\u016bkijoje pro Metelius<\/a><\/div>\n\t\t\t<div class=\"ngg-albumcontent\">\n\t\t\t\t<div class=\"ngg-thumbnail\">\n\t\t\t\t\t<a href=\"https:\/\/bopoha.lt\/index.php\/dzukija\/?album=16&amp;gallery=225\"><img decoding=\"async\" class=\"Thumb\" alt=\"2016 liepa. Dz\u016bkijoje pro Metelius\" src=\"https:\/\/bopoha.lt\/wp-content\/gallery\/2015-liepa-dzukijoje-pro-metelius\/thumbs\/thumbs_\"\/><\/a>\n\t\t\t\t<\/div>\n\t\t\t\t<div class=\"ngg-description\">\n\t\t\t\t<p><\/p>\n\t\t\t\t\t\t\t\t<p><strong>38<\/strong> Photos<\/p>\n\t\t\t\t\t\t\t<\/div>\n\t\t<\/div>\n\t<\/div>\n\n \t\n\t<div class=\"ngg-album\">\n\t\t<div class=\"ngg-albumtitle\"><a href=\"https:\/\/bopoha.lt\/index.php\/dzukija\/?album=16&amp;gallery=162\">2015 liepa. Daug\u0173 apylink\u0117s, Bukau\u010di\u0161ki\u0173 koply\u010dia<\/a><\/div>\n\t\t\t<div class=\"ngg-albumcontent\">\n\t\t\t\t<div class=\"ngg-thumbnail\">\n\t\t\t\t\t<a href=\"https:\/\/bopoha.lt\/index.php\/dzukija\/?album=16&amp;gallery=162\"><img decoding=\"async\" class=\"Thumb\" alt=\"2015 liepa. Daug\u0173 apylink\u0117s, Bukau\u010di\u0161ki\u0173 koply\u010dia\" src=\"https:\/\/bopoha.lt\/wp-content\/gallery\/2015-liepa-daugu-apylinkes-bukauciskiu-koplycia\/thumbs\/thumbs_1605.jpg\"\/><\/a>\n\t\t\t\t<\/div>\n\t\t\t\t<div class=\"ngg-description\">\n\t\t\t\t<p><\/p>\n\t\t\t\t\t\t\t\t<p><strong>16<\/strong> Photos<\/p>\n\t\t\t\t\t\t\t<\/div>\n\t\t<\/div>\n\t<\/div>\n\n \t\n\t<div class=\"ngg-album\">\n\t\t<div class=\"ngg-albumtitle\"><a href=\"https:\/\/bopoha.lt\/index.php\/dzukija\/?album=16&amp;gallery=161\">2015 liepa. Merkys ties Valkininkais<\/a><\/div>\n\t\t\t<div class=\"ngg-albumcontent\">\n\t\t\t\t<div class=\"ngg-thumbnail\">\n\t\t\t\t\t<a href=\"https:\/\/bopoha.lt\/index.php\/dzukija\/?album=16&amp;gallery=161\"><img decoding=\"async\" class=\"Thumb\" alt=\"2015 liepa. Merkys ties Valkininkais\" src=\"https:\/\/bopoha.lt\/wp-content\/gallery\/2015-liepa-merkys-ties-valkininkais\/thumbs\/thumbs_1507.jpg\"\/><\/a>\n\t\t\t\t<\/div>\n\t\t\t\t<div class=\"ngg-description\">\n\t\t\t\t<p><\/p>\n\t\t\t\t\t\t\t\t<p><strong>10<\/strong> Photos<\/p>\n\t\t\t\t\t\t\t<\/div>\n\t\t<\/div>\n\t<\/div>\n\n \t\n\t<div class=\"ngg-album\">\n\t\t<div class=\"ngg-albumtitle\"><a href=\"https:\/\/bopoha.lt\/index.php\/dzukija\/?album=16&amp;gallery=152\">2015 liepa. Merkin\u0117<\/a><\/div>\n\t\t\t<div class=\"ngg-albumcontent\">\n\t\t\t\t<div class=\"ngg-thumbnail\">\n\t\t\t\t\t<a href=\"https:\/\/bopoha.lt\/index.php\/dzukija\/?album=16&amp;gallery=152\"><img decoding=\"async\" class=\"Thumb\" alt=\"2015 liepa. Merkin\u0117\" src=\"https:\/\/bopoha.lt\/wp-content\/gallery\/2015-liepa-merkine\/thumbs\/thumbs_0446.jpg\"\/><\/a>\n\t\t\t\t<\/div>\n\t\t\t\t<div class=\"ngg-description\">\n\t\t\t\t<p>Merkin\u0117s piliakalnis ir ap\u017evalgos bok\u0161tas<\/p>\n\t\t\t\t\t\t\t\t<p><strong>24<\/strong> Photos<\/p>\n\t\t\t\t\t\t\t<\/div>\n\t\t<\/div>\n\t<\/div>\n\n \t\n\t<div class=\"ngg-album\">\n\t\t<div class=\"ngg-albumtitle\"><a href=\"https:\/\/bopoha.lt\/index.php\/dzukija\/?album=16&amp;gallery=151\">2015 liepa. Li\u0161kiava<\/a><\/div>\n\t\t\t<div class=\"ngg-albumcontent\">\n\t\t\t\t<div class=\"ngg-thumbnail\">\n\t\t\t\t\t<a href=\"https:\/\/bopoha.lt\/index.php\/dzukija\/?album=16&amp;gallery=151\"><img decoding=\"async\" class=\"Thumb\" alt=\"2015 liepa. Li\u0161kiava\" src=\"https:\/\/bopoha.lt\/wp-content\/gallery\/2015-liepa-liskiava\/thumbs\/thumbs_0352.jpg\"\/><\/a>\n\t\t\t\t<\/div>\n\t\t\t\t<div class=\"ngg-description\">\n\t\t\t\t<p>Li\u0161kiavos ba\u017eny\u010dios ir vienuolyno ansamblis, alkakalnis<\/p>\n\t\t\t\t\t\t\t\t<p><strong>22<\/strong> Photos<\/p>\n\t\t\t\t\t\t\t<\/div>\n\t\t<\/div>\n\t<\/div>\n\n \t\n\t<div class=\"ngg-album\">\n\t\t<div class=\"ngg-albumtitle\"><a href=\"https:\/\/bopoha.lt\/index.php\/dzukija\/?album=16&amp;gallery=150\">2015 liepa. Pauk\u0161tukas. Malonu susipa\u017einti<\/a><\/div>\n\t\t\t<div class=\"ngg-albumcontent\">\n\t\t\t\t<div class=\"ngg-thumbnail\">\n\t\t\t\t\t<a href=\"https:\/\/bopoha.lt\/index.php\/dzukija\/?album=16&amp;gallery=150\"><img decoding=\"async\" class=\"Thumb\" alt=\"2015 liepa. Pauk\u0161tukas. Malonu susipa\u017einti\" src=\"https:\/\/bopoha.lt\/wp-content\/gallery\/2015-liepa-paukstukas-malonu-susipazinti\/thumbs\/thumbs_0178.jpg\"\/><\/a>\n\t\t\t\t<\/div>\n\t\t\t\t<div class=\"ngg-description\">\n\t\t\t\t<p>2015 07 04<\/p>\n\t\t\t\t\t\t\t\t<p><strong>17<\/strong> Photos<\/p>\n\t\t\t\t\t\t\t<\/div>\n\t\t<\/div>\n\t<\/div>\n\n \t \t\n\t<!-- Pagination -->\n \t<div class=\"ngg-clear\"><\/div> \t\n<\/div>\n\n\n","protected":false},"excerpt":{"rendered":"","protected":false},"author":1,"featured_media":0,"parent":0,"menu_order":0,"comment_status":"closed","ping_status":"open","template":"","meta":{"footnotes":""},"class_list":["post-599","page","type-page","status-publish","hentry"],"_links":{"self":[{"href":"https:\/\/bopoha.lt\/index.php\/wp-json\/wp\/v2\/pages\/599","targetHints":{"allow":["GET"]}}],"collection":[{"href":"https:\/\/bopoha.lt\/index.php\/wp-json\/wp\/v2\/pages"}],"about":[{"href":"https:\/\/bopoha.lt\/index.php\/wp-json\/wp\/v2\/types\/page"}],"author":[{"embeddable":true,"href":"https:\/\/bopoha.lt\/index.php\/wp-json\/wp\/v2\/users\/1"}],"replies":[{"embeddable":true,"href":"https:\/\/bopoha.lt\/index.php\/wp-json\/wp\/v2\/comments?post=599"}],"version-history":[{"count":2,"href":"https:\/\/bopoha.lt\/index.php\/wp-json\/wp\/v2\/pages\/599\/revisions"}],"predecessor-version":[{"id":1600,"href":"https:\/\/bopoha.lt\/index.php\/wp-json\/wp\/v2\/pages\/599\/revisions\/1600"}],"wp:attachment":[{"href":"https:\/\/bopoha.lt\/index.php\/wp-json\/wp\/v2\/media?parent=599"}],"curies":[{"name":"wp","href":"https:\/\/api.w.org\/{rel}","templated":true}]}}