{"id":664,"date":"2015-08-29T21:26:32","date_gmt":"2015-08-29T19:26:32","guid":{"rendered":"http:\/\/bopoha.lt\/?page_id=664"},"modified":"2015-08-29T21:26:32","modified_gmt":"2015-08-29T19:26:32","slug":"kauno-mariu-rp","status":"publish","type":"page","link":"https:\/\/bopoha.lt\/index.php\/kauno-mariu-rp\/","title":{"rendered":"Kauno mari\u0173 RP"},"content":{"rendered":"\n<div class=\"ngg-albumoverview\">\t\n\t<!-- List of galleries -->\n\t\n\t<div class=\"ngg-album\">\n\t\t<div class=\"ngg-albumtitle\"><a href=\"https:\/\/bopoha.lt\/index.php\/kauno-mariu-rp\/?album=17&amp;gallery=172\">2015 rugpj\u016btis. KMRP. Mari\u0173 pakrant\u0117 prie Vie\u0161k\u016bn\u0173 piliakalnio<\/a><\/div>\n\t\t\t<div class=\"ngg-albumcontent\">\n\t\t\t\t<div class=\"ngg-thumbnail\">\n\t\t\t\t\t<a href=\"https:\/\/bopoha.lt\/index.php\/kauno-mariu-rp\/?album=17&amp;gallery=172\"><img decoding=\"async\" class=\"Thumb\" alt=\"2015 rugpj\u016btis. KMRP. Mari\u0173 pakrant\u0117 prie Vie\u0161k\u016bn\u0173 piliakalnio\" src=\"https:\/\/bopoha.lt\/wp-content\/gallery\/2015-rugpjutis-kmrp-mariu-pakrante-prie-vieskunu-piliakalnio\/thumbs\/thumbs_8878.jpg\"\/><\/a>\n\t\t\t\t<\/div>\n\t\t\t\t<div class=\"ngg-description\">\n\t\t\t\t<p><\/p>\n\t\t\t\t\t\t\t\t<p><strong>9<\/strong> Photos<\/p>\n\t\t\t\t\t\t\t<\/div>\n\t\t<\/div>\n\t<\/div>\n\n \t\n\t<div class=\"ngg-album\">\n\t\t<div class=\"ngg-albumtitle\"><a href=\"https:\/\/bopoha.lt\/index.php\/kauno-mariu-rp\/?album=17&amp;gallery=171\">2015 rugpj\u016btis. KMRP. Kauno mari\u0173 prieplauka<\/a><\/div>\n\t\t\t<div class=\"ngg-albumcontent\">\n\t\t\t\t<div class=\"ngg-thumbnail\">\n\t\t\t\t\t<a href=\"https:\/\/bopoha.lt\/index.php\/kauno-mariu-rp\/?album=17&amp;gallery=171\"><img decoding=\"async\" class=\"Thumb\" alt=\"2015 rugpj\u016btis. KMRP. Kauno mari\u0173 prieplauka\" src=\"https:\/\/bopoha.lt\/wp-content\/gallery\/2015-rugpjutis-kmrp-kauno-mariu-prieplauka\/thumbs\/thumbs_8865.jpg\"\/><\/a>\n\t\t\t\t<\/div>\n\t\t\t\t<div class=\"ngg-description\">\n\t\t\t\t<p><\/p>\n\t\t\t\t\t\t\t\t<p><strong>4<\/strong> Photos<\/p>\n\t\t\t\t\t\t\t<\/div>\n\t\t<\/div>\n\t<\/div>\n\n \t\n\t<div class=\"ngg-album\">\n\t\t<div class=\"ngg-albumtitle\"><a href=\"https:\/\/bopoha.lt\/index.php\/kauno-mariu-rp\/?album=17&amp;gallery=170\">2015 rugpj\u016btis. KMRP. Pa\u017eaislio vienuolynas<\/a><\/div>\n\t\t\t<div class=\"ngg-albumcontent\">\n\t\t\t\t<div class=\"ngg-thumbnail\">\n\t\t\t\t\t<a href=\"https:\/\/bopoha.lt\/index.php\/kauno-mariu-rp\/?album=17&amp;gallery=170\"><img decoding=\"async\" class=\"Thumb\" alt=\"2015 rugpj\u016btis. KMRP. Pa\u017eaislio vienuolynas\" src=\"https:\/\/bopoha.lt\/wp-content\/gallery\/2015-rugpjutis-kmrp-pazaislio-vienuolynas\/thumbs\/thumbs_8851.jpg\"\/><\/a>\n\t\t\t\t<\/div>\n\t\t\t\t<div class=\"ngg-description\">\n\t\t\t\t<p><\/p>\n\t\t\t\t\t\t\t\t<p><strong>16<\/strong> Photos<\/p>\n\t\t\t\t\t\t\t<\/div>\n\t\t<\/div>\n\t<\/div>\n\n \t\n\t<div class=\"ngg-album\">\n\t\t<div class=\"ngg-albumtitle\"><a href=\"https:\/\/bopoha.lt\/index.php\/kauno-mariu-rp\/?album=17&amp;gallery=169\">2015 rugpj\u016btis. KMRP. Dubravos rezervatin\u0117 apyrub\u0117<\/a><\/div>\n\t\t\t<div class=\"ngg-albumcontent\">\n\t\t\t\t<div class=\"ngg-thumbnail\">\n\t\t\t\t\t<a href=\"https:\/\/bopoha.lt\/index.php\/kauno-mariu-rp\/?album=17&amp;gallery=169\"><img decoding=\"async\" class=\"Thumb\" alt=\"2015 rugpj\u016btis. KMRP. Dubravos rezervatin\u0117 apyrub\u0117\" src=\"https:\/\/bopoha.lt\/wp-content\/gallery\/2015-rugpjutis-kmrp-dubravos-rezervatine-apyrube\/thumbs\/thumbs_2182.jpg\"\/><\/a>\n\t\t\t\t<\/div>\n\t\t\t\t<div class=\"ngg-description\">\n\t\t\t\t<p><\/p>\n\t\t\t\t\t\t\t\t<p><strong>22<\/strong> Photos<\/p>\n\t\t\t\t\t\t\t<\/div>\n\t\t<\/div>\n\t<\/div>\n\n \t\n\t<div class=\"ngg-album\">\n\t\t<div class=\"ngg-albumtitle\"><a href=\"https:\/\/bopoha.lt\/index.php\/kauno-mariu-rp\/?album=17&amp;gallery=168\">2015 rugpj\u016btis. KMRP. Kadagi\u0173 sl\u0117nis<\/a><\/div>\n\t\t\t<div class=\"ngg-albumcontent\">\n\t\t\t\t<div class=\"ngg-thumbnail\">\n\t\t\t\t\t<a href=\"https:\/\/bopoha.lt\/index.php\/kauno-mariu-rp\/?album=17&amp;gallery=168\"><img decoding=\"async\" class=\"Thumb\" alt=\"2015 rugpj\u016btis. KMRP. Kadagi\u0173 sl\u0117nis\" src=\"https:\/\/bopoha.lt\/wp-content\/gallery\/2015-rugpjutis-kmrp-kadagiu-slenis\/thumbs\/thumbs_2053.jpg\"\/><\/a>\n\t\t\t\t<\/div>\n\t\t\t\t<div class=\"ngg-description\">\n\t\t\t\t<p><\/p>\n\t\t\t\t\t\t\t\t<p><strong>24<\/strong> Photos<\/p>\n\t\t\t\t\t\t\t<\/div>\n\t\t<\/div>\n\t<\/div>\n\n \t\n\t<div class=\"ngg-album\">\n\t\t<div class=\"ngg-albumtitle\"><a href=\"https:\/\/bopoha.lt\/index.php\/kauno-mariu-rp\/?album=17&amp;gallery=173\">2015 rugpj\u016btis. KMRP. Mergeli\u0161ki\u0173 atodanga<\/a><\/div>\n\t\t\t<div class=\"ngg-albumcontent\">\n\t\t\t\t<div class=\"ngg-thumbnail\">\n\t\t\t\t\t<a href=\"https:\/\/bopoha.lt\/index.php\/kauno-mariu-rp\/?album=17&amp;gallery=173\"><img decoding=\"async\" class=\"Thumb\" alt=\"2015 rugpj\u016btis. KMRP. Mergeli\u0161ki\u0173 atodanga\" src=\"https:\/\/bopoha.lt\/wp-content\/gallery\/2015-rugpjutis-kmrp-mergeliskiu-atodanga\/thumbs\/thumbs_2243.jpg\"\/><\/a>\n\t\t\t\t<\/div>\n\t\t\t\t<div class=\"ngg-description\">\n\t\t\t\t<p><\/p>\n\t\t\t\t\t\t\t\t<p><strong>7<\/strong> Photos<\/p>\n\t\t\t\t\t\t\t<\/div>\n\t\t<\/div>\n\t<\/div>\n\n \t \t\n\t<!-- Pagination -->\n \t<div class=\"ngg-clear\"><\/div> \t\n<\/div>\n\n\n","protected":false},"excerpt":{"rendered":"","protected":false},"author":1,"featured_media":0,"parent":0,"menu_order":0,"comment_status":"closed","ping_status":"closed","template":"","meta":{"footnotes":""},"class_list":["post-664","page","type-page","status-publish","hentry"],"_links":{"self":[{"href":"https:\/\/bopoha.lt\/index.php\/wp-json\/wp\/v2\/pages\/664","targetHints":{"allow":["GET"]}}],"collection":[{"href":"https:\/\/bopoha.lt\/index.php\/wp-json\/wp\/v2\/pages"}],"about":[{"href":"https:\/\/bopoha.lt\/index.php\/wp-json\/wp\/v2\/types\/page"}],"author":[{"embeddable":true,"href":"https:\/\/bopoha.lt\/index.php\/wp-json\/wp\/v2\/users\/1"}],"replies":[{"embeddable":true,"href":"https:\/\/bopoha.lt\/index.php\/wp-json\/wp\/v2\/comments?post=664"}],"version-history":[{"count":1,"href":"https:\/\/bopoha.lt\/index.php\/wp-json\/wp\/v2\/pages\/664\/revisions"}],"predecessor-version":[{"id":667,"href":"https:\/\/bopoha.lt\/index.php\/wp-json\/wp\/v2\/pages\/664\/revisions\/667"}],"wp:attachment":[{"href":"https:\/\/bopoha.lt\/index.php\/wp-json\/wp\/v2\/media?parent=664"}],"curies":[{"name":"wp","href":"https:\/\/api.w.org\/{rel}","templated":true}]}}