{"id":67,"date":"2012-12-07T15:00:58","date_gmt":"2012-12-07T13:00:58","guid":{"rendered":"http:\/\/bopoha.lt\/?page_id=67"},"modified":"2013-01-27T19:25:08","modified_gmt":"2013-01-27T17:25:08","slug":"dubingiai-asveja","status":"publish","type":"page","link":"https:\/\/bopoha.lt\/index.php\/dubingiai-asveja\/","title":{"rendered":"Dubingiai, Asveja"},"content":{"rendered":"\n<div class=\"ngg-albumoverview\">\t\n\t<!-- List of galleries -->\n\t\n\t<div class=\"ngg-album\">\n\t\t<div class=\"ngg-albumtitle\"><a href=\"https:\/\/bopoha.lt\/index.php\/dubingiai-asveja\/?album=3&amp;gallery=293\">2018 spalis. Dubingiai ir kita<\/a><\/div>\n\t\t\t<div class=\"ngg-albumcontent\">\n\t\t\t\t<div class=\"ngg-thumbnail\">\n\t\t\t\t\t<a href=\"https:\/\/bopoha.lt\/index.php\/dubingiai-asveja\/?album=3&amp;gallery=293\"><img class=\"Thumb\" alt=\"2018 spalis. Dubingiai ir kita\" src=\"https:\/\/bopoha.lt\/wp-content\/gallery\/2018-spalis-dubingiai-ir-kita\/thumbs\/thumbs_img_8377.jpg\"\/><\/a>\n\t\t\t\t<\/div>\n\t\t\t\t<div class=\"ngg-description\">\n\t\t\t\t<p><\/p>\n\t\t\t\t\t\t\t\t<p><strong>52<\/strong> Photos<\/p>\n\t\t\t\t\t\t\t<\/div>\n\t\t<\/div>\n\t<\/div>\n\n \t\n\t<div class=\"ngg-album\">\n\t\t<div class=\"ngg-albumtitle\"><a href=\"https:\/\/bopoha.lt\/index.php\/dubingiai-asveja\/?album=3&amp;gallery=269\">2018 balandis. Dubingi\u0173 \u017eal\u010diai<\/a><\/div>\n\t\t\t<div class=\"ngg-albumcontent\">\n\t\t\t\t<div class=\"ngg-thumbnail\">\n\t\t\t\t\t<a href=\"https:\/\/bopoha.lt\/index.php\/dubingiai-asveja\/?album=3&amp;gallery=269\"><img class=\"Thumb\" alt=\"2018 balandis. Dubingi\u0173 \u017eal\u010diai\" src=\"https:\/\/bopoha.lt\/wp-content\/gallery\/2018-balandis-dubingiu-zalciai\/thumbs\/thumbs_img_2893.jpg\"\/><\/a>\n\t\t\t\t<\/div>\n\t\t\t\t<div class=\"ngg-description\">\n\t\t\t\t<p><\/p>\n\t\t\t\t\t\t\t\t<p><strong>15<\/strong> Photos<\/p>\n\t\t\t\t\t\t\t<\/div>\n\t\t<\/div>\n\t<\/div>\n\n \t\n\t<div class=\"ngg-album\">\n\t\t<div class=\"ngg-albumtitle\"><a href=\"https:\/\/bopoha.lt\/index.php\/dubingiai-asveja\/?album=3&amp;gallery=256\">2017 pavasaris. Dubingiai, R\u016bdninkai, Labanoras<\/a><\/div>\n\t\t\t<div class=\"ngg-albumcontent\">\n\t\t\t\t<div class=\"ngg-thumbnail\">\n\t\t\t\t\t<a href=\"https:\/\/bopoha.lt\/index.php\/dubingiai-asveja\/?album=3&amp;gallery=256\"><img class=\"Thumb\" alt=\"2017 pavasaris. Dubingiai, R\u016bdninkai, Labanoras\" src=\"https:\/\/bopoha.lt\/wp-content\/gallery\/2017-pavasaris-dubingiai-rudninkai-labanoras\/thumbs\/thumbs_img_7093.jpg\"\/><\/a>\n\t\t\t\t<\/div>\n\t\t\t\t<div class=\"ngg-description\">\n\t\t\t\t<p><\/p>\n\t\t\t\t\t\t\t\t<p><strong>65<\/strong> Photos<\/p>\n\t\t\t\t\t\t\t<\/div>\n\t\t<\/div>\n\t<\/div>\n\n \t\n\t<div class=\"ngg-album\">\n\t\t<div class=\"ngg-albumtitle\"><a href=\"https:\/\/bopoha.lt\/index.php\/dubingiai-asveja\/?album=3&amp;gallery=177\">2015 rugs\u0117jis. Dubingiai<\/a><\/div>\n\t\t\t<div class=\"ngg-albumcontent\">\n\t\t\t\t<div class=\"ngg-thumbnail\">\n\t\t\t\t\t<a href=\"https:\/\/bopoha.lt\/index.php\/dubingiai-asveja\/?album=3&amp;gallery=177\"><img class=\"Thumb\" alt=\"2015 rugs\u0117jis. Dubingiai\" src=\"https:\/\/bopoha.lt\/wp-content\/gallery\/2015-rugsejis-dubingiai\/thumbs\/thumbs_3998.jpg\"\/><\/a>\n\t\t\t\t<\/div>\n\t\t\t\t<div class=\"ngg-description\">\n\t\t\t\t<p><\/p>\n\t\t\t\t\t\t\t\t<p><strong>21<\/strong> Photos<\/p>\n\t\t\t\t\t\t\t<\/div>\n\t\t<\/div>\n\t<\/div>\n\n \t\n\t<div class=\"ngg-album\">\n\t\t<div class=\"ngg-albumtitle\"><a href=\"https:\/\/bopoha.lt\/index.php\/dubingiai-asveja\/?album=3&amp;gallery=12\">2012 m. spalio 20d., Dubingiai<\/a><\/div>\n\t\t\t<div class=\"ngg-albumcontent\">\n\t\t\t\t<div class=\"ngg-thumbnail\">\n\t\t\t\t\t<a href=\"https:\/\/bopoha.lt\/index.php\/dubingiai-asveja\/?album=3&amp;gallery=12\"><img class=\"Thumb\" alt=\"2012 m. spalio 20d., Dubingiai\" src=\"https:\/\/bopoha.lt\/wp-content\/gallery\/2012-m-spalio-20d-dubingiai\/thumbs\/thumbs_1153.jpg\"\/><\/a>\n\t\t\t\t<\/div>\n\t\t\t\t<div class=\"ngg-description\">\n\t\t\t\t<p>\u0160ilta rudens popiet\u0117 ir minia k\u0117k\u0161t\u0173, slepian\u010di\u0173 giles \u0161en bei ten...<\/p>\n\t\t\t\t\t\t\t\t<p><strong>48<\/strong> Photos<\/p>\n\t\t\t\t\t\t\t<\/div>\n\t\t<\/div>\n\t<\/div>\n\n \t \t\n\t<!-- Pagination -->\n \t<div class=\"ngg-clear\"><\/div> \t\n<\/div>\n\n\n","protected":false},"excerpt":{"rendered":"","protected":false},"author":1,"featured_media":0,"parent":0,"menu_order":0,"comment_status":"closed","ping_status":"open","template":"","meta":[],"_links":{"self":[{"href":"https:\/\/bopoha.lt\/index.php\/wp-json\/wp\/v2\/pages\/67"}],"collection":[{"href":"https:\/\/bopoha.lt\/index.php\/wp-json\/wp\/v2\/pages"}],"about":[{"href":"https:\/\/bopoha.lt\/index.php\/wp-json\/wp\/v2\/types\/page"}],"author":[{"embeddable":true,"href":"https:\/\/bopoha.lt\/index.php\/wp-json\/wp\/v2\/users\/1"}],"replies":[{"embeddable":true,"href":"https:\/\/bopoha.lt\/index.php\/wp-json\/wp\/v2\/comments?post=67"}],"version-history":[{"count":5,"href":"https:\/\/bopoha.lt\/index.php\/wp-json\/wp\/v2\/pages\/67\/revisions"}],"predecessor-version":[{"id":81,"href":"https:\/\/bopoha.lt\/index.php\/wp-json\/wp\/v2\/pages\/67\/revisions\/81"}],"wp:attachment":[{"href":"https:\/\/bopoha.lt\/index.php\/wp-json\/wp\/v2\/media?parent=67"}],"curies":[{"name":"wp","href":"https:\/\/api.w.org\/{rel}","templated":true}]}}