{"id":73,"date":"2012-12-15T21:22:36","date_gmt":"2012-12-15T19:22:36","guid":{"rendered":"http:\/\/bopoha.lt\/?page_id=73"},"modified":"2014-04-22T18:33:33","modified_gmt":"2014-04-22T16:33:33","slug":"baltijos-pajuris","status":"publish","type":"page","link":"https:\/\/bopoha.lt\/index.php\/baltijos-pajuris\/","title":{"rendered":"Baltijos paj\u016bris"},"content":{"rendered":"\n<div class=\"ngg-albumoverview\">\t\n\t<!-- List of galleries -->\n\t\n\t<div class=\"ngg-album\">\n\t\t<div class=\"ngg-albumtitle\"><a href=\"https:\/\/bopoha.lt\/index.php\/baltijos-pajuris\/?album=4&amp;gallery=354\">2021 m. gegu\u017e\u0117s 13 d. uosto nuotaikos<\/a><\/div>\n\t\t\t<div class=\"ngg-albumcontent\">\n\t\t\t\t<div class=\"ngg-thumbnail\">\n\t\t\t\t\t<a href=\"https:\/\/bopoha.lt\/index.php\/baltijos-pajuris\/?album=4&amp;gallery=354\"><img decoding=\"async\" class=\"Thumb\" alt=\"2021 m. gegu\u017e\u0117s 13 d. uosto nuotaikos\" src=\"https:\/\/bopoha.lt\/wp-content\/gallery\/2021-m-geguzes-13-d-uosto-nuotaikos\/thumbs\/thumbs_mg_1021.jpg\"\/><\/a>\n\t\t\t\t<\/div>\n\t\t\t\t<div class=\"ngg-description\">\n\t\t\t\t<p><\/p>\n\t\t\t\t\t\t\t\t<p><strong>44<\/strong> Photos<\/p>\n\t\t\t\t\t\t\t<\/div>\n\t\t<\/div>\n\t<\/div>\n\n \t\n\t<div class=\"ngg-album\">\n\t\t<div class=\"ngg-albumtitle\"><a href=\"https:\/\/bopoha.lt\/index.php\/baltijos-pajuris\/?album=4&amp;gallery=350\">2020 m. rugs\u0117jo 16 d. Latvija: Lipeoja, Karosta, Pap\u0117<\/a><\/div>\n\t\t\t<div class=\"ngg-albumcontent\">\n\t\t\t\t<div class=\"ngg-thumbnail\">\n\t\t\t\t\t<a href=\"https:\/\/bopoha.lt\/index.php\/baltijos-pajuris\/?album=4&amp;gallery=350\"><img decoding=\"async\" class=\"Thumb\" alt=\"2020 m. rugs\u0117jo 16 d. Latvija: Lipeoja, Karosta, Pap\u0117\" src=\"https:\/\/bopoha.lt\/wp-content\/gallery\/2020-m-rugsejo-16-d-latvija-lipeoja-karosta-pape\/thumbs\/thumbs_mg_8944.jpg\"\/><\/a>\n\t\t\t\t<\/div>\n\t\t\t\t<div class=\"ngg-description\">\n\t\t\t\t<p><\/p>\n\t\t\t\t\t\t\t\t<p><strong>57<\/strong> Photos<\/p>\n\t\t\t\t\t\t\t<\/div>\n\t\t<\/div>\n\t<\/div>\n\n \t\n\t<div class=\"ngg-album\">\n\t\t<div class=\"ngg-albumtitle\"><a href=\"https:\/\/bopoha.lt\/index.php\/baltijos-pajuris\/?album=4&amp;gallery=320\">2019 rugs\u0117jis. Atostogos. Pap\u0117<\/a><\/div>\n\t\t\t<div class=\"ngg-albumcontent\">\n\t\t\t\t<div class=\"ngg-thumbnail\">\n\t\t\t\t\t<a href=\"https:\/\/bopoha.lt\/index.php\/baltijos-pajuris\/?album=4&amp;gallery=320\"><img decoding=\"async\" class=\"Thumb\" alt=\"2019 rugs\u0117jis. Atostogos. Pap\u0117\" src=\"https:\/\/bopoha.lt\/wp-content\/gallery\/2019-spalis-atostogos-pape\/thumbs\/thumbs_mg_4479.jpg\"\/><\/a>\n\t\t\t\t<\/div>\n\t\t\t\t<div class=\"ngg-description\">\n\t\t\t\t<p><\/p>\n\t\t\t\t\t\t\t\t<p><strong>38<\/strong> Photos<\/p>\n\t\t\t\t\t\t\t<\/div>\n\t\t<\/div>\n\t<\/div>\n\n \t\n\t<div class=\"ngg-album\">\n\t\t<div class=\"ngg-albumtitle\"><a href=\"https:\/\/bopoha.lt\/index.php\/baltijos-pajuris\/?album=4&amp;gallery=296\">2018 rugs\u0117jis. \u0160uns atostogos<\/a><\/div>\n\t\t\t<div class=\"ngg-albumcontent\">\n\t\t\t\t<div class=\"ngg-thumbnail\">\n\t\t\t\t\t<a href=\"https:\/\/bopoha.lt\/index.php\/baltijos-pajuris\/?album=4&amp;gallery=296\"><img decoding=\"async\" class=\"Thumb\" alt=\"2018 rugs\u0117jis. \u0160uns atostogos\" src=\"https:\/\/bopoha.lt\/wp-content\/gallery\/2018-rugsejis-suns-atostogos\/thumbs\/thumbs_img_6963.jpg\"\/><\/a>\n\t\t\t\t<\/div>\n\t\t\t\t<div class=\"ngg-description\">\n\t\t\t\t<p><\/p>\n\t\t\t\t\t\t\t\t<p><strong>145<\/strong> Photos<\/p>\n\t\t\t\t\t\t\t<\/div>\n\t\t<\/div>\n\t<\/div>\n\n \t\n\t<div class=\"ngg-album\">\n\t\t<div class=\"ngg-albumtitle\"><a href=\"https:\/\/bopoha.lt\/index.php\/baltijos-pajuris\/?album=4&amp;gallery=284\">2018 rugs\u0117jis. Ropliaodis kukurdvelkis, Pap\u0117<\/a><\/div>\n\t\t\t<div class=\"ngg-albumcontent\">\n\t\t\t\t<div class=\"ngg-thumbnail\">\n\t\t\t\t\t<a href=\"https:\/\/bopoha.lt\/index.php\/baltijos-pajuris\/?album=4&amp;gallery=284\"><img decoding=\"async\" class=\"Thumb\" alt=\"2018 rugs\u0117jis. Ropliaodis kukurdvelkis, Pap\u0117\" src=\"https:\/\/bopoha.lt\/wp-content\/gallery\/2018-rugsejis-ropliaodis-kukurdvelkis-pape\/thumbs\/thumbs_img_6382.jpg\"\/><\/a>\n\t\t\t\t<\/div>\n\t\t\t\t<div class=\"ngg-description\">\n\t\t\t\t<p><\/p>\n\t\t\t\t\t\t\t\t<p><strong>5<\/strong> Photos<\/p>\n\t\t\t\t\t\t\t<\/div>\n\t\t<\/div>\n\t<\/div>\n\n \t\n\t<div class=\"ngg-album\">\n\t\t<div class=\"ngg-albumtitle\"><a href=\"https:\/\/bopoha.lt\/index.php\/baltijos-pajuris\/?album=4&amp;gallery=273\">2018 bir\u017eelis. Oran\u017einiai r\u016bpes\u010diai<\/a><\/div>\n\t\t\t<div class=\"ngg-albumcontent\">\n\t\t\t\t<div class=\"ngg-thumbnail\">\n\t\t\t\t\t<a href=\"https:\/\/bopoha.lt\/index.php\/baltijos-pajuris\/?album=4&amp;gallery=273\"><img decoding=\"async\" class=\"Thumb\" alt=\"2018 bir\u017eelis. Oran\u017einiai r\u016bpes\u010diai\" src=\"https:\/\/bopoha.lt\/wp-content\/gallery\/2018-birzelis-oranziniai-rupesciai\/thumbs\/thumbs_img_3690.jpg\"\/><\/a>\n\t\t\t\t<\/div>\n\t\t\t\t<div class=\"ngg-description\">\n\t\t\t\t<p><\/p>\n\t\t\t\t\t\t\t\t<p><strong>32<\/strong> Photos<\/p>\n\t\t\t\t\t\t\t<\/div>\n\t\t<\/div>\n\t<\/div>\n\n \t\n\t<div class=\"ngg-album\">\n\t\t<div class=\"ngg-albumtitle\"><a href=\"https:\/\/bopoha.lt\/index.php\/baltijos-pajuris\/?album=4&amp;gallery=262\">2017 liepa. Link\u0117jimai nuo vasaros (II)<\/a><\/div>\n\t\t\t<div class=\"ngg-albumcontent\">\n\t\t\t\t<div class=\"ngg-thumbnail\">\n\t\t\t\t\t<a href=\"https:\/\/bopoha.lt\/index.php\/baltijos-pajuris\/?album=4&amp;gallery=262\"><img decoding=\"async\" class=\"Thumb\" alt=\"2017 liepa. Link\u0117jimai nuo vasaros (II)\" src=\"https:\/\/bopoha.lt\/wp-content\/gallery\/2017-liepa-linkejimai-nuo-vasaros-ii\/thumbs\/thumbs_img_8356.jpg\"\/><\/a>\n\t\t\t\t<\/div>\n\t\t\t\t<div class=\"ngg-description\">\n\t\t\t\t<p>Latvija, Nida<\/p>\n\t\t\t\t\t\t\t\t<p><strong>3<\/strong> Photos<\/p>\n\t\t\t\t\t\t\t<\/div>\n\t\t<\/div>\n\t<\/div>\n\n \t\n\t<div class=\"ngg-album\">\n\t\t<div class=\"ngg-albumtitle\"><a href=\"https:\/\/bopoha.lt\/index.php\/baltijos-pajuris\/?album=4&amp;gallery=261\">2017 liepa. Link\u0117jimai nuo vasaros (I)<\/a><\/div>\n\t\t\t<div class=\"ngg-albumcontent\">\n\t\t\t\t<div class=\"ngg-thumbnail\">\n\t\t\t\t\t<a href=\"https:\/\/bopoha.lt\/index.php\/baltijos-pajuris\/?album=4&amp;gallery=261\"><img decoding=\"async\" class=\"Thumb\" alt=\"2017 liepa. Link\u0117jimai nuo vasaros (I)\" src=\"https:\/\/bopoha.lt\/wp-content\/gallery\/2017-liepa-linkejimai-nuo-vasaros-i\/thumbs\/thumbs_img_7953.jpg\"\/><\/a>\n\t\t\t\t<\/div>\n\t\t\t\t<div class=\"ngg-description\">\n\t\t\t\t<p>Latvija ir dar \u0161is tas<\/p>\n\t\t\t\t\t\t\t\t<p><strong>20<\/strong> Photos<\/p>\n\t\t\t\t\t\t\t<\/div>\n\t\t<\/div>\n\t<\/div>\n\n \t\n\t<div class=\"ngg-album\">\n\t\t<div class=\"ngg-albumtitle\"><a href=\"https:\/\/bopoha.lt\/index.php\/baltijos-pajuris\/?album=4&amp;gallery=175\">2015 rugs\u0117jis. Pap\u0117<\/a><\/div>\n\t\t\t<div class=\"ngg-albumcontent\">\n\t\t\t\t<div class=\"ngg-thumbnail\">\n\t\t\t\t\t<a href=\"https:\/\/bopoha.lt\/index.php\/baltijos-pajuris\/?album=4&amp;gallery=175\"><img decoding=\"async\" class=\"Thumb\" alt=\"2015 rugs\u0117jis. Pap\u0117\" src=\"https:\/\/bopoha.lt\/wp-content\/gallery\/2015-rugsejis-pape\/thumbs\/thumbs_3215.jpg\"\/><\/a>\n\t\t\t\t<\/div>\n\t\t\t\t<div class=\"ngg-description\">\n\t\t\t\t<p><\/p>\n\t\t\t\t\t\t\t\t<p><strong>54<\/strong> Photos<\/p>\n\t\t\t\t\t\t\t<\/div>\n\t\t<\/div>\n\t<\/div>\n\n \t\n\t<div class=\"ngg-album\">\n\t\t<div class=\"ngg-albumtitle\"><a href=\"https:\/\/bopoha.lt\/index.php\/baltijos-pajuris\/?album=4&amp;gallery=174\">2015 Pap\u0117. Drama ant kranto<\/a><\/div>\n\t\t\t<div class=\"ngg-albumcontent\">\n\t\t\t\t<div class=\"ngg-thumbnail\">\n\t\t\t\t\t<a href=\"https:\/\/bopoha.lt\/index.php\/baltijos-pajuris\/?album=4&amp;gallery=174\"><img decoding=\"async\" class=\"Thumb\" alt=\"2015 Pap\u0117. Drama ant kranto\" src=\"https:\/\/bopoha.lt\/wp-content\/gallery\/2015-pape-drama-ant-kranto\/thumbs\/thumbs_2624.jpg\"\/><\/a>\n\t\t\t\t<\/div>\n\t\t\t\t<div class=\"ngg-description\">\n\t\t\t\t<p><\/p>\n\t\t\t\t\t\t\t\t<p><strong>2<\/strong> Photos<\/p>\n\t\t\t\t\t\t\t<\/div>\n\t\t<\/div>\n\t<\/div>\n\n \t\n\t<div class=\"ngg-album\">\n\t\t<div class=\"ngg-albumtitle\"><a href=\"https:\/\/bopoha.lt\/index.php\/baltijos-pajuris\/?album=4&amp;gallery=77\">2014, Pap\u0117<\/a><\/div>\n\t\t\t<div class=\"ngg-albumcontent\">\n\t\t\t\t<div class=\"ngg-thumbnail\">\n\t\t\t\t\t<a href=\"https:\/\/bopoha.lt\/index.php\/baltijos-pajuris\/?album=4&amp;gallery=77\"><img decoding=\"async\" class=\"Thumb\" alt=\"2014, Pap\u0117\" src=\"https:\/\/bopoha.lt\/wp-content\/gallery\/pape-2014\/thumbs\/thumbs_2505.jpg\"\/><\/a>\n\t\t\t\t<\/div>\n\t\t\t\t<div class=\"ngg-description\">\n\t\t\t\t<p>Liepos 23-26 d.<\/p>\n\t\t\t\t\t\t\t\t<p><strong>94<\/strong> Photos<\/p>\n\t\t\t\t\t\t\t<\/div>\n\t\t<\/div>\n\t<\/div>\n\n \t\n\t<div class=\"ngg-album\">\n\t\t<div class=\"ngg-albumtitle\"><a href=\"https:\/\/bopoha.lt\/index.php\/baltijos-pajuris\/?album=4&amp;gallery=35\">2013 m. vasara, Pap\u0117<\/a><\/div>\n\t\t\t<div class=\"ngg-albumcontent\">\n\t\t\t\t<div class=\"ngg-thumbnail\">\n\t\t\t\t\t<a href=\"https:\/\/bopoha.lt\/index.php\/baltijos-pajuris\/?album=4&amp;gallery=35\"><img decoding=\"async\" class=\"Thumb\" alt=\"2013 m. vasara, Pap\u0117\" src=\"https:\/\/bopoha.lt\/wp-content\/gallery\/2013-m-vasara-pape\/thumbs\/thumbs_4047.jpg\"\/><\/a>\n\t\t\t\t<\/div>\n\t\t\t\t<div class=\"ngg-description\">\n\t\t\t\t<p>Liepos 26-29 d.<br \/>\r\n\u0160tilis, r\u016bkas. Pakrante b\u0117gioja visokie gyviai. O laiv\u0173 kapin\u0117se stiebai jau nuvirto...<\/p>\n\t\t\t\t\t\t\t\t<p><strong>153<\/strong> Photos<\/p>\n\t\t\t\t\t\t\t<\/div>\n\t\t<\/div>\n\t<\/div>\n\n \t\n\t<div class=\"ngg-album\">\n\t\t<div class=\"ngg-albumtitle\"><a href=\"https:\/\/bopoha.lt\/index.php\/baltijos-pajuris\/?album=4&amp;gallery=17\">2011 m. vasara, Latvija<\/a><\/div>\n\t\t\t<div class=\"ngg-albumcontent\">\n\t\t\t\t<div class=\"ngg-thumbnail\">\n\t\t\t\t\t<a href=\"https:\/\/bopoha.lt\/index.php\/baltijos-pajuris\/?album=4&amp;gallery=17\"><img decoding=\"async\" class=\"Thumb\" alt=\"2011 m. vasara, Latvija\" src=\"https:\/\/bopoha.lt\/wp-content\/gallery\/2011-m-vasara-latvija\/thumbs\/thumbs_1868.jpg\"\/><\/a>\n\t\t\t\t<\/div>\n\t\t\t\t<div class=\"ngg-description\">\n\t\t\t\t<p>Pap\u0117, J\u016brkaln\u0117<\/p>\n\t\t\t\t\t\t\t\t<p><strong>54<\/strong> Photos<\/p>\n\t\t\t\t\t\t\t<\/div>\n\t\t<\/div>\n\t<\/div>\n\n \t \t\n\t<!-- Pagination -->\n \t<div class=\"ngg-clear\"><\/div> \t\n<\/div>\n\n\n","protected":false},"excerpt":{"rendered":"","protected":false},"author":1,"featured_media":0,"parent":0,"menu_order":0,"comment_status":"closed","ping_status":"open","template":"","meta":{"footnotes":""},"class_list":["post-73","page","type-page","status-publish","hentry"],"_links":{"self":[{"href":"https:\/\/bopoha.lt\/index.php\/wp-json\/wp\/v2\/pages\/73","targetHints":{"allow":["GET"]}}],"collection":[{"href":"https:\/\/bopoha.lt\/index.php\/wp-json\/wp\/v2\/pages"}],"about":[{"href":"https:\/\/bopoha.lt\/index.php\/wp-json\/wp\/v2\/types\/page"}],"author":[{"embeddable":true,"href":"https:\/\/bopoha.lt\/index.php\/wp-json\/wp\/v2\/users\/1"}],"replies":[{"embeddable":true,"href":"https:\/\/bopoha.lt\/index.php\/wp-json\/wp\/v2\/comments?post=73"}],"version-history":[{"count":7,"href":"https:\/\/bopoha.lt\/index.php\/wp-json\/wp\/v2\/pages\/73\/revisions"}],"predecessor-version":[{"id":271,"href":"https:\/\/bopoha.lt\/index.php\/wp-json\/wp\/v2\/pages\/73\/revisions\/271"}],"wp:attachment":[{"href":"https:\/\/bopoha.lt\/index.php\/wp-json\/wp\/v2\/media?parent=73"}],"curies":[{"name":"wp","href":"https:\/\/api.w.org\/{rel}","templated":true}]}}