{"id":972,"date":"2017-01-11T22:51:20","date_gmt":"2017-01-11T20:51:20","guid":{"rendered":"http:\/\/bopoha.lt\/?page_id=972"},"modified":"2017-01-11T22:51:20","modified_gmt":"2017-01-11T20:51:20","slug":"anyksciu-rp","status":"publish","type":"page","link":"https:\/\/bopoha.lt\/index.php\/anyksciu-rp\/","title":{"rendered":"Anyk\u0161\u010di\u0173 RP"},"content":{"rendered":"\n<div class=\"ngg-albumoverview\">\t\n\t<!-- List of galleries -->\n\t\n\t<div class=\"ngg-album\">\n\t\t<div class=\"ngg-albumtitle\"><a href=\"https:\/\/bopoha.lt\/index.php\/anyksciu-rp\/?album=13&amp;gallery=187\">2015 spalis. \u0160eimyni\u0161k\u0117li\u0173 piliakalnis Anyk\u0161\u010diuose<\/a><\/div>\n\t\t\t<div class=\"ngg-albumcontent\">\n\t\t\t\t<div class=\"ngg-thumbnail\">\n\t\t\t\t\t<a href=\"https:\/\/bopoha.lt\/index.php\/anyksciu-rp\/?album=13&amp;gallery=187\"><img decoding=\"async\" class=\"Thumb\" alt=\"2015 spalis. \u0160eimyni\u0161k\u0117li\u0173 piliakalnis Anyk\u0161\u010diuose\" src=\"https:\/\/bopoha.lt\/wp-content\/gallery\/2015-spalis-seimyniskeliu-piliakalnis-anyksciuose\/thumbs\/thumbs_5700.jpg\"\/><\/a>\n\t\t\t\t<\/div>\n\t\t\t\t<div class=\"ngg-description\">\n\t\t\t\t<p><\/p>\n\t\t\t\t\t\t\t\t<p><strong>12<\/strong> Photos<\/p>\n\t\t\t\t\t\t\t<\/div>\n\t\t<\/div>\n\t<\/div>\n\n \t \t\n\t<!-- Pagination -->\n \t<div class=\"ngg-clear\"><\/div> \t\n<\/div>\n\n\n","protected":false},"excerpt":{"rendered":"","protected":false},"author":1,"featured_media":0,"parent":0,"menu_order":0,"comment_status":"closed","ping_status":"open","template":"","meta":{"footnotes":""},"class_list":["post-972","page","type-page","status-publish","hentry"],"_links":{"self":[{"href":"https:\/\/bopoha.lt\/index.php\/wp-json\/wp\/v2\/pages\/972","targetHints":{"allow":["GET"]}}],"collection":[{"href":"https:\/\/bopoha.lt\/index.php\/wp-json\/wp\/v2\/pages"}],"about":[{"href":"https:\/\/bopoha.lt\/index.php\/wp-json\/wp\/v2\/types\/page"}],"author":[{"embeddable":true,"href":"https:\/\/bopoha.lt\/index.php\/wp-json\/wp\/v2\/users\/1"}],"replies":[{"embeddable":true,"href":"https:\/\/bopoha.lt\/index.php\/wp-json\/wp\/v2\/comments?post=972"}],"version-history":[{"count":1,"href":"https:\/\/bopoha.lt\/index.php\/wp-json\/wp\/v2\/pages\/972\/revisions"}],"predecessor-version":[{"id":973,"href":"https:\/\/bopoha.lt\/index.php\/wp-json\/wp\/v2\/pages\/972\/revisions\/973"}],"wp:attachment":[{"href":"https:\/\/bopoha.lt\/index.php\/wp-json\/wp\/v2\/media?parent=972"}],"curies":[{"name":"wp","href":"https:\/\/api.w.org\/{rel}","templated":true}]}}